{"id":19113,"date":"2019-11-04T17:02:20","date_gmt":"2019-11-04T17:02:20","guid":{"rendered":"https:\/\/papiroga.com\/?product=sweet-coccolith"},"modified":"2024-04-09T09:45:22","modified_gmt":"2024-04-09T07:45:22","slug":"sweet-coccolith","status":"publish","type":"product","link":"https:\/\/papiroga.com\/en\/mariana-trench-collection\/sweet-coccolith\/","title":{"rendered":"SWEET COCCOLITH"},"content":{"rendered":"<p>The design of this tiny specimen of sweet coccolith was made possible by the scanning laser microscope provided by Louis Trebuchon, one of the greatest authorities on this family of mantled oceanic traditions. Enlarged to scale 1:105, the images speak for themselves: front side based around sea anemones that barely conceal a more than generous belly; a pastry bag on the left pincer and spatula on the right; remains of cr\u00e8me br\u00fbl\u00e9e all over the shell and, between the feet, a tiny blow torch. And around it, in addition to hundreds of butter homunculi, marron glac\u00e9 leviathans and icing sugar cyclops eyes, a specimen &#8211; somewhat already besprinkled &#8211; of\u00a0<em>Le Viandier<\/em>\u00a0of Taillevent.<\/p>\n","protected":false},"excerpt":{"rendered":"<p>Un buen ant\u00eddoto contra los d\u00edas grises.<\/p>\n","protected":false},"featured_media":19115,"template":"","meta":{"_acf_changed":false},"product_brand":[],"product_cat":[1179],"product_tag":[1257],"class_list":{"0":"post-19113","1":"product","2":"type-product","3":"status-publish","4":"has-post-thumbnail","6":"moods-coolest-in-town-en","7":"tipos-earring","8":"year-taxo-1691","9":"size-product-maxi","10":"product_cat-mariana-trench-collection","11":"product_tag-cool","13":"first","14":"outofstock","15":"taxable","16":"shipping-taxable","17":"purchasable","18":"product-type-simple","19":"add-to-wishlist-before_image"},"acf":[],"yoast_head":"<!-- This site is optimized with the Yoast SEO Premium plugin v27.4 (Yoast SEO v27.5) - https:\/\/yoast.com\/product\/yoast-seo-premium-wordpress\/ -->\n<title>SWEET COCCOLITH - papiroga<\/title>\n<meta name=\"robots\" content=\"index, follow, max-snippet:-1, max-image-preview:large, max-video-preview:-1\" \/>\n<link rel=\"canonical\" href=\"https:\/\/papiroga.com\/en\/mariana-trench-collection\/sweet-coccolith\/\" \/>\n<meta property=\"og:locale\" content=\"en_US\" \/>\n<meta property=\"og:type\" content=\"article\" \/>\n<meta property=\"og:title\" content=\"SWEET COCCOLITH\" \/>\n<meta property=\"og:description\" content=\"Un buen ant\u00eddoto contra los d\u00edas grises.\" \/>\n<meta property=\"og:url\" content=\"https:\/\/papiroga.com\/en\/mariana-trench-collection\/sweet-coccolith\/\" \/>\n<meta property=\"og:site_name\" content=\"papiroga\" \/>\n<meta property=\"article:modified_time\" content=\"2024-04-09T07:45:22+00:00\" \/>\n<meta property=\"og:image\" content=\"https:\/\/papiroga.com\/wp-content\/uploads\/nc\/2019\/11\/1372-thickbox_default-COCOLITO-SWEET.jpg\" \/>\n\t<meta property=\"og:image:width\" content=\"800\" \/>\n\t<meta property=\"og:image:height\" content=\"800\" \/>\n\t<meta property=\"og:image:type\" content=\"image\/jpeg\" \/>\n<meta name=\"twitter:card\" content=\"summary_large_image\" \/>\n<meta name=\"twitter:label1\" content=\"Price\" \/>\n\t<meta name=\"twitter:data1\" content=\"132,81&nbsp;&euro;\" \/>\n\t<meta name=\"twitter:label2\" content=\"Availability\" \/>\n\t<meta name=\"twitter:data2\" content=\"Out of stock\" \/>\n<script type=\"application\/ld+json\" class=\"yoast-schema-graph\">{\"@context\":\"https:\\\/\\\/schema.org\",\"@graph\":[{\"@type\":\"WebPage\",\"@id\":\"https:\\\/\\\/papiroga.com\\\/en\\\/mariana-trench-collection\\\/sweet-coccolith\\\/\",\"url\":\"https:\\\/\\\/papiroga.com\\\/en\\\/mariana-trench-collection\\\/sweet-coccolith\\\/\",\"name\":\"SWEET COCCOLITH - papiroga\",\"isPartOf\":{\"@id\":\"https:\\\/\\\/papiroga.com\\\/en\\\/#website\"},\"primaryImageOfPage\":{\"@id\":\"https:\\\/\\\/papiroga.com\\\/en\\\/mariana-trench-collection\\\/sweet-coccolith\\\/#primaryimage\"},\"image\":{\"@id\":\"https:\\\/\\\/papiroga.com\\\/en\\\/mariana-trench-collection\\\/sweet-coccolith\\\/#primaryimage\"},\"thumbnailUrl\":\"https:\\\/\\\/papiroga.com\\\/wp-content\\\/uploads\\\/nc\\\/2019\\\/11\\\/1372-thickbox_default-COCOLITO-SWEET.jpg\",\"datePublished\":\"2019-11-04T17:02:20+00:00\",\"dateModified\":\"2024-04-09T07:45:22+00:00\",\"breadcrumb\":{\"@id\":\"https:\\\/\\\/papiroga.com\\\/en\\\/mariana-trench-collection\\\/sweet-coccolith\\\/#breadcrumb\"},\"inLanguage\":\"en-US\",\"potentialAction\":[{\"@type\":\"ReadAction\",\"target\":[\"https:\\\/\\\/papiroga.com\\\/en\\\/mariana-trench-collection\\\/sweet-coccolith\\\/\"]}]},{\"@type\":\"ImageObject\",\"inLanguage\":\"en-US\",\"@id\":\"https:\\\/\\\/papiroga.com\\\/en\\\/mariana-trench-collection\\\/sweet-coccolith\\\/#primaryimage\",\"url\":\"https:\\\/\\\/papiroga.com\\\/wp-content\\\/uploads\\\/nc\\\/2019\\\/11\\\/1372-thickbox_default-COCOLITO-SWEET.jpg\",\"contentUrl\":\"https:\\\/\\\/papiroga.com\\\/wp-content\\\/uploads\\\/nc\\\/2019\\\/11\\\/1372-thickbox_default-COCOLITO-SWEET.jpg\",\"width\":800,\"height\":800,\"caption\":\"COCOLITO SWEET\"},{\"@type\":\"BreadcrumbList\",\"@id\":\"https:\\\/\\\/papiroga.com\\\/en\\\/mariana-trench-collection\\\/sweet-coccolith\\\/#breadcrumb\",\"itemListElement\":[{\"@type\":\"ListItem\",\"position\":1,\"name\":\"Portada\",\"item\":\"https:\\\/\\\/papiroga.com\\\/en\\\/\"},{\"@type\":\"ListItem\",\"position\":2,\"name\":\"Shop\",\"item\":\"https:\\\/\\\/papiroga.com\\\/en\\\/\"},{\"@type\":\"ListItem\",\"position\":3,\"name\":\"SWEET COCCOLITH\"}]},{\"@type\":\"WebSite\",\"@id\":\"https:\\\/\\\/papiroga.com\\\/en\\\/#website\",\"url\":\"https:\\\/\\\/papiroga.com\\\/en\\\/\",\"name\":\"papiroga\",\"description\":\"How do you wanna feel today?\",\"publisher\":{\"@id\":\"https:\\\/\\\/papiroga.com\\\/en\\\/#organization\"},\"potentialAction\":[{\"@type\":\"SearchAction\",\"target\":{\"@type\":\"EntryPoint\",\"urlTemplate\":\"https:\\\/\\\/papiroga.com\\\/en\\\/?s={search_term_string}\"},\"query-input\":{\"@type\":\"PropertyValueSpecification\",\"valueRequired\":true,\"valueName\":\"search_term_string\"}}],\"inLanguage\":\"en-US\"},{\"@type\":\"Organization\",\"@id\":\"https:\\\/\\\/papiroga.com\\\/en\\\/#organization\",\"name\":\"papiroga\",\"url\":\"https:\\\/\\\/papiroga.com\\\/en\\\/\",\"logo\":{\"@type\":\"ImageObject\",\"inLanguage\":\"en-US\",\"@id\":\"https:\\\/\\\/papiroga.com\\\/en\\\/#\\\/schema\\\/logo\\\/image\\\/\",\"url\":\"https:\\\/\\\/papiroga.com\\\/wp-content\\\/uploads\\\/2024\\\/09\\\/Logotipo-papiroga.png\",\"contentUrl\":\"https:\\\/\\\/papiroga.com\\\/wp-content\\\/uploads\\\/2024\\\/09\\\/Logotipo-papiroga.png\",\"width\":2070,\"height\":401,\"caption\":\"papiroga\"},\"image\":{\"@id\":\"https:\\\/\\\/papiroga.com\\\/en\\\/#\\\/schema\\\/logo\\\/image\\\/\"},\"sameAs\":[\"https:\\\/\\\/www.instagram.com\\\/papiroga\\\/\"]}]}<\/script>\n<meta property=\"product:price:amount\" content=\"132.81\" \/>\n<meta property=\"product:price:currency\" content=\"EUR\" \/>\n<meta property=\"og:availability\" content=\"out of stock\" \/>\n<meta property=\"product:availability\" content=\"out of stock\" \/>\n<meta property=\"product:retailer_item_id\" content=\"Cocolito sweet\" \/>\n<meta property=\"product:condition\" content=\"new\" \/>\n<!-- \/ Yoast SEO Premium plugin. -->","yoast_head_json":{"title":"SWEET COCCOLITH - papiroga","robots":{"index":"index","follow":"follow","max-snippet":"max-snippet:-1","max-image-preview":"max-image-preview:large","max-video-preview":"max-video-preview:-1"},"canonical":"https:\/\/papiroga.com\/en\/mariana-trench-collection\/sweet-coccolith\/","og_locale":"en_US","og_type":"article","og_title":"SWEET COCCOLITH","og_description":"Un buen ant\u00eddoto contra los d\u00edas grises.","og_url":"https:\/\/papiroga.com\/en\/mariana-trench-collection\/sweet-coccolith\/","og_site_name":"papiroga","article_modified_time":"2024-04-09T07:45:22+00:00","og_image":[{"width":800,"height":800,"url":"https:\/\/papiroga.com\/wp-content\/uploads\/nc\/2019\/11\/1372-thickbox_default-COCOLITO-SWEET.jpg","type":"image\/jpeg"}],"twitter_card":"summary_large_image","twitter_misc":{"Price":"132,81&nbsp;&euro;","Availability":"Out of stock"},"schema":{"@context":"https:\/\/schema.org","@graph":[{"@type":"WebPage","@id":"https:\/\/papiroga.com\/en\/mariana-trench-collection\/sweet-coccolith\/","url":"https:\/\/papiroga.com\/en\/mariana-trench-collection\/sweet-coccolith\/","name":"SWEET COCCOLITH - papiroga","isPartOf":{"@id":"https:\/\/papiroga.com\/en\/#website"},"primaryImageOfPage":{"@id":"https:\/\/papiroga.com\/en\/mariana-trench-collection\/sweet-coccolith\/#primaryimage"},"image":{"@id":"https:\/\/papiroga.com\/en\/mariana-trench-collection\/sweet-coccolith\/#primaryimage"},"thumbnailUrl":"https:\/\/papiroga.com\/wp-content\/uploads\/nc\/2019\/11\/1372-thickbox_default-COCOLITO-SWEET.jpg","datePublished":"2019-11-04T17:02:20+00:00","dateModified":"2024-04-09T07:45:22+00:00","breadcrumb":{"@id":"https:\/\/papiroga.com\/en\/mariana-trench-collection\/sweet-coccolith\/#breadcrumb"},"inLanguage":"en-US","potentialAction":[{"@type":"ReadAction","target":["https:\/\/papiroga.com\/en\/mariana-trench-collection\/sweet-coccolith\/"]}]},{"@type":"ImageObject","inLanguage":"en-US","@id":"https:\/\/papiroga.com\/en\/mariana-trench-collection\/sweet-coccolith\/#primaryimage","url":"https:\/\/papiroga.com\/wp-content\/uploads\/nc\/2019\/11\/1372-thickbox_default-COCOLITO-SWEET.jpg","contentUrl":"https:\/\/papiroga.com\/wp-content\/uploads\/nc\/2019\/11\/1372-thickbox_default-COCOLITO-SWEET.jpg","width":800,"height":800,"caption":"COCOLITO SWEET"},{"@type":"BreadcrumbList","@id":"https:\/\/papiroga.com\/en\/mariana-trench-collection\/sweet-coccolith\/#breadcrumb","itemListElement":[{"@type":"ListItem","position":1,"name":"Portada","item":"https:\/\/papiroga.com\/en\/"},{"@type":"ListItem","position":2,"name":"Shop","item":"https:\/\/papiroga.com\/en\/"},{"@type":"ListItem","position":3,"name":"SWEET COCCOLITH"}]},{"@type":"WebSite","@id":"https:\/\/papiroga.com\/en\/#website","url":"https:\/\/papiroga.com\/en\/","name":"papiroga","description":"How do you wanna feel today?","publisher":{"@id":"https:\/\/papiroga.com\/en\/#organization"},"potentialAction":[{"@type":"SearchAction","target":{"@type":"EntryPoint","urlTemplate":"https:\/\/papiroga.com\/en\/?s={search_term_string}"},"query-input":{"@type":"PropertyValueSpecification","valueRequired":true,"valueName":"search_term_string"}}],"inLanguage":"en-US"},{"@type":"Organization","@id":"https:\/\/papiroga.com\/en\/#organization","name":"papiroga","url":"https:\/\/papiroga.com\/en\/","logo":{"@type":"ImageObject","inLanguage":"en-US","@id":"https:\/\/papiroga.com\/en\/#\/schema\/logo\/image\/","url":"https:\/\/papiroga.com\/wp-content\/uploads\/2024\/09\/Logotipo-papiroga.png","contentUrl":"https:\/\/papiroga.com\/wp-content\/uploads\/2024\/09\/Logotipo-papiroga.png","width":2070,"height":401,"caption":"papiroga"},"image":{"@id":"https:\/\/papiroga.com\/en\/#\/schema\/logo\/image\/"},"sameAs":["https:\/\/www.instagram.com\/papiroga\/"]}]},"product_price_amount":"132.81","product_price_currency":"EUR","og_availability":"out of stock","product_availability":"out of stock","product_retailer_item_id":"Cocolito sweet","product_condition":"new"},"_links":{"self":[{"href":"https:\/\/papiroga.com\/en\/wp-json\/wp\/v2\/product\/19113","targetHints":{"allow":["GET"]}}],"collection":[{"href":"https:\/\/papiroga.com\/en\/wp-json\/wp\/v2\/product"}],"about":[{"href":"https:\/\/papiroga.com\/en\/wp-json\/wp\/v2\/types\/product"}],"wp:featuredmedia":[{"embeddable":true,"href":"https:\/\/papiroga.com\/en\/wp-json\/wp\/v2\/media\/19115"}],"wp:attachment":[{"href":"https:\/\/papiroga.com\/en\/wp-json\/wp\/v2\/media?parent=19113"}],"wp:term":[{"taxonomy":"product_brand","embeddable":true,"href":"https:\/\/papiroga.com\/en\/wp-json\/wp\/v2\/product_brand?post=19113"},{"taxonomy":"product_cat","embeddable":true,"href":"https:\/\/papiroga.com\/en\/wp-json\/wp\/v2\/product_cat?post=19113"},{"taxonomy":"product_tag","embeddable":true,"href":"https:\/\/papiroga.com\/en\/wp-json\/wp\/v2\/product_tag?post=19113"}],"curies":[{"name":"wp","href":"https:\/\/api.w.org\/{rel}","templated":true}]}}