{"id":19177,"date":"2020-02-12T11:17:21","date_gmt":"2020-02-12T11:17:21","guid":{"rendered":"https:\/\/papiroga.com\/?product=starearing"},"modified":"2024-04-09T15:02:51","modified_gmt":"2024-04-09T13:02:51","slug":"starearing","status":"publish","type":"product","link":"https:\/\/papiroga.com\/en\/voynich\/starearing\/","title":{"rendered":"STAREARING"},"content":{"rendered":"<p>Asejer\u00e9 dej\u00e9 teje be ded\u00e9 tube jebere debere sij\u00e9<\/p>\n<p>Sebiunouba majabi an de bugui an de juli pir\u00ed<\/p>\n<p>Asejer\u00e9 dej\u00e9 teje be ded\u00e9 tube jebere debere pij\u00e9<\/p>\n<p>Sebiunouba majabi an de bugui an de juli pimp\u00ed<\/p>\n<p>G\u00fcipirip\u00ed giri piri p\u00edpipi pero piri pero piri piripipip\u00ed<\/p>\n<p>Seminab\u00f3 tor\u00f3 tere tem tere tuti tuti tot\u00f3<\/p>\n<p>G\u00fcipirip\u00ed giri piri p\u00edpipi pero piri pero tiri tiritirit\u00ed<\/p>\n<p>Seminab\u00f3 tor\u00f3 tere tem tere tuti tuti tot\u00f3<\/p>\n<p>Majabi re quequ\u00e9, quere qu\u00e9 que quechubi<\/p>\n<p>Quechubi chuchurri churri churruti chuler\u00e9<\/p>\n<p>Majabi te tet\u00e9, terete te t\u00e9 chubi chubi rebet\u00e9<\/p>\n<p style=\"margin-top: 15px;\">(<em>Voynich<\/em>, p. 30, Voynichese madrigal, Beinecke Rare Book and Manuscript Library, Yale University)<\/p>\n","protected":false},"excerpt":{"rendered":"<p>No lo vamos a negar: uno se siente con estos pendientes muuuy Coolest in Town.<\/p>\n","protected":false},"featured_media":19179,"template":"","meta":{"_acf_changed":false},"product_brand":[],"product_cat":[1171],"product_tag":[1257,1385],"class_list":{"0":"post-19177","1":"product","2":"type-product","3":"status-publish","4":"has-post-thumbnail","6":"moods-coolest-in-town-en","7":"tipos-earring","8":"year-taxo-1693","9":"size-product-maxi","10":"product_cat-voynich","11":"product_tag-cool","12":"product_tag-cerezas","13":"pa_pin-pinza-pin-en","14":"pa_pin-pinza-clip","16":"first","17":"outofstock","18":"taxable","19":"shipping-taxable","20":"purchasable","21":"product-type-variable","22":"add-to-wishlist-before_image"},"acf":[],"yoast_head":"<!-- This site is optimized with the Yoast SEO Premium plugin v27.5 (Yoast SEO v27.6) - https:\/\/yoast.com\/product\/yoast-seo-premium-wordpress\/ -->\n<title>STAREARING - papiroga<\/title>\n<meta name=\"robots\" content=\"index, follow, max-snippet:-1, max-image-preview:large, max-video-preview:-1\" \/>\n<link rel=\"canonical\" href=\"https:\/\/papiroga.com\/en\/voynich\/starearing\/\" \/>\n<meta property=\"og:locale\" content=\"en_US\" \/>\n<meta property=\"og:type\" content=\"article\" \/>\n<meta property=\"og:title\" content=\"STAREARING\" \/>\n<meta property=\"og:description\" content=\"No lo vamos a negar: uno se siente con estos pendientes muuuy Coolest in Town.\" \/>\n<meta property=\"og:url\" content=\"https:\/\/papiroga.com\/en\/voynich\/starearing\/\" \/>\n<meta property=\"og:site_name\" content=\"papiroga\" \/>\n<meta property=\"article:modified_time\" content=\"2024-04-09T13:02:51+00:00\" \/>\n<meta property=\"og:image\" content=\"https:\/\/papiroga.com\/wp-content\/uploads\/nc\/2020\/02\/1426-thickbox_default-ESTRELLICOLA.jpg\" \/>\n\t<meta property=\"og:image:width\" content=\"818\" \/>\n\t<meta property=\"og:image:height\" content=\"800\" \/>\n\t<meta property=\"og:image:type\" content=\"image\/jpeg\" \/>\n<meta name=\"twitter:card\" content=\"summary_large_image\" \/>\n<meta name=\"twitter:label1\" content=\"Availability\" \/>\n\t<meta name=\"twitter:data1\" content=\"Out of stock\" \/>\n<script type=\"application\/ld+json\" class=\"yoast-schema-graph\">{\"@context\":\"https:\\\/\\\/schema.org\",\"@graph\":[{\"@type\":\"WebPage\",\"@id\":\"https:\\\/\\\/papiroga.com\\\/en\\\/voynich\\\/starearing\\\/\",\"url\":\"https:\\\/\\\/papiroga.com\\\/en\\\/voynich\\\/starearing\\\/\",\"name\":\"STAREARING - papiroga\",\"isPartOf\":{\"@id\":\"https:\\\/\\\/papiroga.com\\\/en\\\/#website\"},\"primaryImageOfPage\":{\"@id\":\"https:\\\/\\\/papiroga.com\\\/en\\\/voynich\\\/starearing\\\/#primaryimage\"},\"image\":{\"@id\":\"https:\\\/\\\/papiroga.com\\\/en\\\/voynich\\\/starearing\\\/#primaryimage\"},\"thumbnailUrl\":\"https:\\\/\\\/papiroga.com\\\/wp-content\\\/uploads\\\/nc\\\/2020\\\/02\\\/1426-thickbox_default-ESTRELLICOLA.jpg\",\"datePublished\":\"2020-02-12T11:17:21+00:00\",\"dateModified\":\"2024-04-09T13:02:51+00:00\",\"breadcrumb\":{\"@id\":\"https:\\\/\\\/papiroga.com\\\/en\\\/voynich\\\/starearing\\\/#breadcrumb\"},\"inLanguage\":\"en-US\",\"potentialAction\":[{\"@type\":\"ReadAction\",\"target\":[\"https:\\\/\\\/papiroga.com\\\/en\\\/voynich\\\/starearing\\\/\"]}]},{\"@type\":\"ImageObject\",\"inLanguage\":\"en-US\",\"@id\":\"https:\\\/\\\/papiroga.com\\\/en\\\/voynich\\\/starearing\\\/#primaryimage\",\"url\":\"https:\\\/\\\/papiroga.com\\\/wp-content\\\/uploads\\\/nc\\\/2020\\\/02\\\/1426-thickbox_default-ESTRELLICOLA.jpg\",\"contentUrl\":\"https:\\\/\\\/papiroga.com\\\/wp-content\\\/uploads\\\/nc\\\/2020\\\/02\\\/1426-thickbox_default-ESTRELLICOLA.jpg\",\"width\":818,\"height\":800,\"caption\":\"ESTRELL\u00cdCOLA\"},{\"@type\":\"BreadcrumbList\",\"@id\":\"https:\\\/\\\/papiroga.com\\\/en\\\/voynich\\\/starearing\\\/#breadcrumb\",\"itemListElement\":[{\"@type\":\"ListItem\",\"position\":1,\"name\":\"Portada\",\"item\":\"https:\\\/\\\/papiroga.com\\\/en\\\/\"},{\"@type\":\"ListItem\",\"position\":2,\"name\":\"Shop\",\"item\":\"https:\\\/\\\/papiroga.com\\\/en\\\/\"},{\"@type\":\"ListItem\",\"position\":3,\"name\":\"STAREARING\"}]},{\"@type\":\"WebSite\",\"@id\":\"https:\\\/\\\/papiroga.com\\\/en\\\/#website\",\"url\":\"https:\\\/\\\/papiroga.com\\\/en\\\/\",\"name\":\"papiroga\",\"description\":\"How do you wanna feel today?\",\"publisher\":{\"@id\":\"https:\\\/\\\/papiroga.com\\\/en\\\/#organization\"},\"potentialAction\":[{\"@type\":\"SearchAction\",\"target\":{\"@type\":\"EntryPoint\",\"urlTemplate\":\"https:\\\/\\\/papiroga.com\\\/en\\\/?s={search_term_string}\"},\"query-input\":{\"@type\":\"PropertyValueSpecification\",\"valueRequired\":true,\"valueName\":\"search_term_string\"}}],\"inLanguage\":\"en-US\"},{\"@type\":\"Organization\",\"@id\":\"https:\\\/\\\/papiroga.com\\\/en\\\/#organization\",\"name\":\"papiroga\",\"url\":\"https:\\\/\\\/papiroga.com\\\/en\\\/\",\"logo\":{\"@type\":\"ImageObject\",\"inLanguage\":\"en-US\",\"@id\":\"https:\\\/\\\/papiroga.com\\\/en\\\/#\\\/schema\\\/logo\\\/image\\\/\",\"url\":\"https:\\\/\\\/papiroga.com\\\/wp-content\\\/uploads\\\/2024\\\/09\\\/Logotipo-papiroga.png\",\"contentUrl\":\"https:\\\/\\\/papiroga.com\\\/wp-content\\\/uploads\\\/2024\\\/09\\\/Logotipo-papiroga.png\",\"width\":2070,\"height\":401,\"caption\":\"papiroga\"},\"image\":{\"@id\":\"https:\\\/\\\/papiroga.com\\\/en\\\/#\\\/schema\\\/logo\\\/image\\\/\"},\"sameAs\":[\"https:\\\/\\\/www.instagram.com\\\/papiroga\\\/\"]}]}<\/script>\n<meta property=\"og:availability\" content=\"out of stock\" \/>\n<meta property=\"product:availability\" content=\"out of stock\" \/>\n<meta property=\"product:retailer_item_id\" content=\"Estrellicola\" \/>\n<meta property=\"product:condition\" content=\"new\" \/>\n<!-- \/ Yoast SEO Premium plugin. -->","yoast_head_json":{"title":"STAREARING - papiroga","robots":{"index":"index","follow":"follow","max-snippet":"max-snippet:-1","max-image-preview":"max-image-preview:large","max-video-preview":"max-video-preview:-1"},"canonical":"https:\/\/papiroga.com\/en\/voynich\/starearing\/","og_locale":"en_US","og_type":"article","og_title":"STAREARING","og_description":"No lo vamos a negar: uno se siente con estos pendientes muuuy Coolest in Town.","og_url":"https:\/\/papiroga.com\/en\/voynich\/starearing\/","og_site_name":"papiroga","article_modified_time":"2024-04-09T13:02:51+00:00","og_image":[{"width":818,"height":800,"url":"https:\/\/papiroga.com\/wp-content\/uploads\/nc\/2020\/02\/1426-thickbox_default-ESTRELLICOLA.jpg","type":"image\/jpeg"}],"twitter_card":"summary_large_image","twitter_misc":{"Availability":"Out of stock"},"schema":{"@context":"https:\/\/schema.org","@graph":[{"@type":"WebPage","@id":"https:\/\/papiroga.com\/en\/voynich\/starearing\/","url":"https:\/\/papiroga.com\/en\/voynich\/starearing\/","name":"STAREARING - papiroga","isPartOf":{"@id":"https:\/\/papiroga.com\/en\/#website"},"primaryImageOfPage":{"@id":"https:\/\/papiroga.com\/en\/voynich\/starearing\/#primaryimage"},"image":{"@id":"https:\/\/papiroga.com\/en\/voynich\/starearing\/#primaryimage"},"thumbnailUrl":"https:\/\/papiroga.com\/wp-content\/uploads\/nc\/2020\/02\/1426-thickbox_default-ESTRELLICOLA.jpg","datePublished":"2020-02-12T11:17:21+00:00","dateModified":"2024-04-09T13:02:51+00:00","breadcrumb":{"@id":"https:\/\/papiroga.com\/en\/voynich\/starearing\/#breadcrumb"},"inLanguage":"en-US","potentialAction":[{"@type":"ReadAction","target":["https:\/\/papiroga.com\/en\/voynich\/starearing\/"]}]},{"@type":"ImageObject","inLanguage":"en-US","@id":"https:\/\/papiroga.com\/en\/voynich\/starearing\/#primaryimage","url":"https:\/\/papiroga.com\/wp-content\/uploads\/nc\/2020\/02\/1426-thickbox_default-ESTRELLICOLA.jpg","contentUrl":"https:\/\/papiroga.com\/wp-content\/uploads\/nc\/2020\/02\/1426-thickbox_default-ESTRELLICOLA.jpg","width":818,"height":800,"caption":"ESTRELL\u00cdCOLA"},{"@type":"BreadcrumbList","@id":"https:\/\/papiroga.com\/en\/voynich\/starearing\/#breadcrumb","itemListElement":[{"@type":"ListItem","position":1,"name":"Portada","item":"https:\/\/papiroga.com\/en\/"},{"@type":"ListItem","position":2,"name":"Shop","item":"https:\/\/papiroga.com\/en\/"},{"@type":"ListItem","position":3,"name":"STAREARING"}]},{"@type":"WebSite","@id":"https:\/\/papiroga.com\/en\/#website","url":"https:\/\/papiroga.com\/en\/","name":"papiroga","description":"How do you wanna feel today?","publisher":{"@id":"https:\/\/papiroga.com\/en\/#organization"},"potentialAction":[{"@type":"SearchAction","target":{"@type":"EntryPoint","urlTemplate":"https:\/\/papiroga.com\/en\/?s={search_term_string}"},"query-input":{"@type":"PropertyValueSpecification","valueRequired":true,"valueName":"search_term_string"}}],"inLanguage":"en-US"},{"@type":"Organization","@id":"https:\/\/papiroga.com\/en\/#organization","name":"papiroga","url":"https:\/\/papiroga.com\/en\/","logo":{"@type":"ImageObject","inLanguage":"en-US","@id":"https:\/\/papiroga.com\/en\/#\/schema\/logo\/image\/","url":"https:\/\/papiroga.com\/wp-content\/uploads\/2024\/09\/Logotipo-papiroga.png","contentUrl":"https:\/\/papiroga.com\/wp-content\/uploads\/2024\/09\/Logotipo-papiroga.png","width":2070,"height":401,"caption":"papiroga"},"image":{"@id":"https:\/\/papiroga.com\/en\/#\/schema\/logo\/image\/"},"sameAs":["https:\/\/www.instagram.com\/papiroga\/"]}]},"og_availability":"out of stock","product_availability":"out of stock","product_retailer_item_id":"Estrellicola","product_condition":"new"},"_links":{"self":[{"href":"https:\/\/papiroga.com\/en\/wp-json\/wp\/v2\/product\/19177","targetHints":{"allow":["GET"]}}],"collection":[{"href":"https:\/\/papiroga.com\/en\/wp-json\/wp\/v2\/product"}],"about":[{"href":"https:\/\/papiroga.com\/en\/wp-json\/wp\/v2\/types\/product"}],"wp:featuredmedia":[{"embeddable":true,"href":"https:\/\/papiroga.com\/en\/wp-json\/wp\/v2\/media\/19179"}],"wp:attachment":[{"href":"https:\/\/papiroga.com\/en\/wp-json\/wp\/v2\/media?parent=19177"}],"wp:term":[{"taxonomy":"product_brand","embeddable":true,"href":"https:\/\/papiroga.com\/en\/wp-json\/wp\/v2\/product_brand?post=19177"},{"taxonomy":"product_cat","embeddable":true,"href":"https:\/\/papiroga.com\/en\/wp-json\/wp\/v2\/product_cat?post=19177"},{"taxonomy":"product_tag","embeddable":true,"href":"https:\/\/papiroga.com\/en\/wp-json\/wp\/v2\/product_tag?post=19177"}],"curies":[{"name":"wp","href":"https:\/\/api.w.org\/{rel}","templated":true}]}}