{"id":19371,"date":"2020-05-04T14:40:12","date_gmt":"2020-05-04T14:40:12","guid":{"rendered":"https:\/\/papiroga.com\/?product=plantifula"},"modified":"2024-04-09T10:06:15","modified_gmt":"2024-04-09T08:06:15","slug":"plantifula","status":"publish","type":"product","link":"https:\/\/papiroga.com\/en\/voynich\/plantifula\/","title":{"rendered":"PLANTIFULA"},"content":{"rendered":"<p>T\u00edfula n\u00edfula pit\u00edfula<\/p>\n<p>Nib\u00edfula mandr\u00edfula on\u00edfula<\/p>\n<p>Paran\u00edfula tendr\u00edfula bal\u00edfula.<\/p>\n<p>T\u00edfula n\u00edfula pat\u00edfula<\/p>\n<p>Pirit\u00edfula nont\u00edfula quer\u00edfula<\/p>\n<p>Turul\u00edfula nin\u00edfula ib\u00edfula<\/p>\n<p>Sant\u00edfula bit\u00edfula plant\u00edfula.<\/p>\n<p>Piripip\u00edfula pol\u00edfula ventr\u00edfula.<\/p>\n<p>Tib\u00edfula lin\u00edfula ign\u00edfula.<\/p>\n<p>Titi fu, titi fa, ti ti tr\u00fafala<\/p>\n<p>Tra la la\u2026<\/p>\n<p style=\"margin-top: 15px;\">(<em>Voynich<\/em>, p. 15, Adage, Beinecke Rare Book and Manuscript Library, Yale University)<\/p>\n","protected":false},"excerpt":{"rendered":"<p>La vida moderna no es muy Pure in the Sky: prueba este collar y dinos qu\u00e9 tal.<\/p>\n","protected":false},"featured_media":19373,"template":"","meta":{"_acf_changed":false},"product_brand":[],"product_cat":[1171],"product_tag":[1263,1383],"class_list":{"0":"post-19371","1":"product","2":"type-product","3":"status-publish","4":"has-post-thumbnail","6":"moods-pure-in-the-sky-en","7":"tipos-necklace","8":"year-taxo-1693","9":"product_cat-voynich","10":"product_tag-pure","11":"product_tag-zanahoria","13":"first","14":"outofstock","15":"taxable","16":"shipping-taxable","17":"purchasable","18":"product-type-simple","19":"add-to-wishlist-before_image"},"acf":[],"yoast_head":"<!-- This site is optimized with the Yoast SEO Premium plugin v27.3 (Yoast SEO v27.4) - https:\/\/yoast.com\/product\/yoast-seo-premium-wordpress\/ -->\n<title>PLANTIFULA - papiroga<\/title>\n<meta name=\"robots\" content=\"index, follow, max-snippet:-1, max-image-preview:large, max-video-preview:-1\" \/>\n<link rel=\"canonical\" href=\"https:\/\/papiroga.com\/en\/voynich\/plantifula\/\" \/>\n<meta property=\"og:locale\" content=\"en_US\" \/>\n<meta property=\"og:type\" content=\"article\" \/>\n<meta property=\"og:title\" content=\"PLANTIFULA\" \/>\n<meta property=\"og:description\" content=\"La vida moderna no es muy Pure in the Sky: prueba este collar y dinos qu\u00e9 tal.\" \/>\n<meta property=\"og:url\" content=\"https:\/\/papiroga.com\/en\/voynich\/plantifula\/\" \/>\n<meta property=\"og:site_name\" content=\"papiroga\" \/>\n<meta property=\"article:modified_time\" content=\"2024-04-09T08:06:15+00:00\" \/>\n<meta property=\"og:image\" content=\"https:\/\/papiroga.com\/wp-content\/uploads\/nc\/2020\/05\/1473-thickbox_default-PLANTIFULA.jpg\" \/>\n\t<meta property=\"og:image:width\" content=\"800\" \/>\n\t<meta property=\"og:image:height\" content=\"800\" \/>\n\t<meta property=\"og:image:type\" content=\"image\/jpeg\" \/>\n<meta name=\"twitter:card\" content=\"summary_large_image\" \/>\n<meta name=\"twitter:label1\" content=\"Price\" \/>\n\t<meta name=\"twitter:data1\" content=\"132,81&nbsp;&euro;\" \/>\n\t<meta name=\"twitter:label2\" content=\"Availability\" \/>\n\t<meta name=\"twitter:data2\" content=\"Out of stock\" \/>\n<script type=\"application\/ld+json\" class=\"yoast-schema-graph\">{\"@context\":\"https:\\\/\\\/schema.org\",\"@graph\":[{\"@type\":\"WebPage\",\"@id\":\"https:\\\/\\\/papiroga.com\\\/en\\\/voynich\\\/plantifula\\\/\",\"url\":\"https:\\\/\\\/papiroga.com\\\/en\\\/voynich\\\/plantifula\\\/\",\"name\":\"PLANTIFULA - papiroga\",\"isPartOf\":{\"@id\":\"https:\\\/\\\/papiroga.com\\\/en\\\/#website\"},\"primaryImageOfPage\":{\"@id\":\"https:\\\/\\\/papiroga.com\\\/en\\\/voynich\\\/plantifula\\\/#primaryimage\"},\"image\":{\"@id\":\"https:\\\/\\\/papiroga.com\\\/en\\\/voynich\\\/plantifula\\\/#primaryimage\"},\"thumbnailUrl\":\"https:\\\/\\\/papiroga.com\\\/wp-content\\\/uploads\\\/nc\\\/2020\\\/05\\\/1473-thickbox_default-PLANTIFULA.jpg\",\"datePublished\":\"2020-05-04T14:40:12+00:00\",\"dateModified\":\"2024-04-09T08:06:15+00:00\",\"breadcrumb\":{\"@id\":\"https:\\\/\\\/papiroga.com\\\/en\\\/voynich\\\/plantifula\\\/#breadcrumb\"},\"inLanguage\":\"en-US\",\"potentialAction\":[{\"@type\":\"ReadAction\",\"target\":[\"https:\\\/\\\/papiroga.com\\\/en\\\/voynich\\\/plantifula\\\/\"]}]},{\"@type\":\"ImageObject\",\"inLanguage\":\"en-US\",\"@id\":\"https:\\\/\\\/papiroga.com\\\/en\\\/voynich\\\/plantifula\\\/#primaryimage\",\"url\":\"https:\\\/\\\/papiroga.com\\\/wp-content\\\/uploads\\\/nc\\\/2020\\\/05\\\/1473-thickbox_default-PLANTIFULA.jpg\",\"contentUrl\":\"https:\\\/\\\/papiroga.com\\\/wp-content\\\/uploads\\\/nc\\\/2020\\\/05\\\/1473-thickbox_default-PLANTIFULA.jpg\",\"width\":800,\"height\":800,\"caption\":\"PLANT\u00cdFULA\"},{\"@type\":\"BreadcrumbList\",\"@id\":\"https:\\\/\\\/papiroga.com\\\/en\\\/voynich\\\/plantifula\\\/#breadcrumb\",\"itemListElement\":[{\"@type\":\"ListItem\",\"position\":1,\"name\":\"Portada\",\"item\":\"https:\\\/\\\/papiroga.com\\\/en\\\/\"},{\"@type\":\"ListItem\",\"position\":2,\"name\":\"Shop\",\"item\":\"https:\\\/\\\/papiroga.com\\\/en\\\/\"},{\"@type\":\"ListItem\",\"position\":3,\"name\":\"PLANTIFULA\"}]},{\"@type\":\"WebSite\",\"@id\":\"https:\\\/\\\/papiroga.com\\\/en\\\/#website\",\"url\":\"https:\\\/\\\/papiroga.com\\\/en\\\/\",\"name\":\"papiroga\",\"description\":\"How do you wanna feel today?\",\"publisher\":{\"@id\":\"https:\\\/\\\/papiroga.com\\\/en\\\/#organization\"},\"potentialAction\":[{\"@type\":\"SearchAction\",\"target\":{\"@type\":\"EntryPoint\",\"urlTemplate\":\"https:\\\/\\\/papiroga.com\\\/en\\\/?s={search_term_string}\"},\"query-input\":{\"@type\":\"PropertyValueSpecification\",\"valueRequired\":true,\"valueName\":\"search_term_string\"}}],\"inLanguage\":\"en-US\"},{\"@type\":\"Organization\",\"@id\":\"https:\\\/\\\/papiroga.com\\\/en\\\/#organization\",\"name\":\"papiroga\",\"url\":\"https:\\\/\\\/papiroga.com\\\/en\\\/\",\"logo\":{\"@type\":\"ImageObject\",\"inLanguage\":\"en-US\",\"@id\":\"https:\\\/\\\/papiroga.com\\\/en\\\/#\\\/schema\\\/logo\\\/image\\\/\",\"url\":\"https:\\\/\\\/papiroga.com\\\/wp-content\\\/uploads\\\/2024\\\/09\\\/Logotipo-papiroga.png\",\"contentUrl\":\"https:\\\/\\\/papiroga.com\\\/wp-content\\\/uploads\\\/2024\\\/09\\\/Logotipo-papiroga.png\",\"width\":2070,\"height\":401,\"caption\":\"papiroga\"},\"image\":{\"@id\":\"https:\\\/\\\/papiroga.com\\\/en\\\/#\\\/schema\\\/logo\\\/image\\\/\"},\"sameAs\":[\"https:\\\/\\\/www.instagram.com\\\/papiroga\\\/\"]}]}<\/script>\n<meta property=\"product:price:amount\" content=\"132.81\" \/>\n<meta property=\"product:price:currency\" content=\"EUR\" \/>\n<meta property=\"og:availability\" content=\"out of stock\" \/>\n<meta property=\"product:availability\" content=\"out of stock\" \/>\n<meta property=\"product:retailer_item_id\" content=\"Plantifula\" \/>\n<meta property=\"product:condition\" content=\"new\" \/>\n<!-- \/ Yoast SEO Premium plugin. -->","yoast_head_json":{"title":"PLANTIFULA - papiroga","robots":{"index":"index","follow":"follow","max-snippet":"max-snippet:-1","max-image-preview":"max-image-preview:large","max-video-preview":"max-video-preview:-1"},"canonical":"https:\/\/papiroga.com\/en\/voynich\/plantifula\/","og_locale":"en_US","og_type":"article","og_title":"PLANTIFULA","og_description":"La vida moderna no es muy Pure in the Sky: prueba este collar y dinos qu\u00e9 tal.","og_url":"https:\/\/papiroga.com\/en\/voynich\/plantifula\/","og_site_name":"papiroga","article_modified_time":"2024-04-09T08:06:15+00:00","og_image":[{"width":800,"height":800,"url":"https:\/\/papiroga.com\/wp-content\/uploads\/nc\/2020\/05\/1473-thickbox_default-PLANTIFULA.jpg","type":"image\/jpeg"}],"twitter_card":"summary_large_image","twitter_misc":{"Price":"132,81&nbsp;&euro;","Availability":"Out of stock"},"schema":{"@context":"https:\/\/schema.org","@graph":[{"@type":"WebPage","@id":"https:\/\/papiroga.com\/en\/voynich\/plantifula\/","url":"https:\/\/papiroga.com\/en\/voynich\/plantifula\/","name":"PLANTIFULA - papiroga","isPartOf":{"@id":"https:\/\/papiroga.com\/en\/#website"},"primaryImageOfPage":{"@id":"https:\/\/papiroga.com\/en\/voynich\/plantifula\/#primaryimage"},"image":{"@id":"https:\/\/papiroga.com\/en\/voynich\/plantifula\/#primaryimage"},"thumbnailUrl":"https:\/\/papiroga.com\/wp-content\/uploads\/nc\/2020\/05\/1473-thickbox_default-PLANTIFULA.jpg","datePublished":"2020-05-04T14:40:12+00:00","dateModified":"2024-04-09T08:06:15+00:00","breadcrumb":{"@id":"https:\/\/papiroga.com\/en\/voynich\/plantifula\/#breadcrumb"},"inLanguage":"en-US","potentialAction":[{"@type":"ReadAction","target":["https:\/\/papiroga.com\/en\/voynich\/plantifula\/"]}]},{"@type":"ImageObject","inLanguage":"en-US","@id":"https:\/\/papiroga.com\/en\/voynich\/plantifula\/#primaryimage","url":"https:\/\/papiroga.com\/wp-content\/uploads\/nc\/2020\/05\/1473-thickbox_default-PLANTIFULA.jpg","contentUrl":"https:\/\/papiroga.com\/wp-content\/uploads\/nc\/2020\/05\/1473-thickbox_default-PLANTIFULA.jpg","width":800,"height":800,"caption":"PLANT\u00cdFULA"},{"@type":"BreadcrumbList","@id":"https:\/\/papiroga.com\/en\/voynich\/plantifula\/#breadcrumb","itemListElement":[{"@type":"ListItem","position":1,"name":"Portada","item":"https:\/\/papiroga.com\/en\/"},{"@type":"ListItem","position":2,"name":"Shop","item":"https:\/\/papiroga.com\/en\/"},{"@type":"ListItem","position":3,"name":"PLANTIFULA"}]},{"@type":"WebSite","@id":"https:\/\/papiroga.com\/en\/#website","url":"https:\/\/papiroga.com\/en\/","name":"papiroga","description":"How do you wanna feel today?","publisher":{"@id":"https:\/\/papiroga.com\/en\/#organization"},"potentialAction":[{"@type":"SearchAction","target":{"@type":"EntryPoint","urlTemplate":"https:\/\/papiroga.com\/en\/?s={search_term_string}"},"query-input":{"@type":"PropertyValueSpecification","valueRequired":true,"valueName":"search_term_string"}}],"inLanguage":"en-US"},{"@type":"Organization","@id":"https:\/\/papiroga.com\/en\/#organization","name":"papiroga","url":"https:\/\/papiroga.com\/en\/","logo":{"@type":"ImageObject","inLanguage":"en-US","@id":"https:\/\/papiroga.com\/en\/#\/schema\/logo\/image\/","url":"https:\/\/papiroga.com\/wp-content\/uploads\/2024\/09\/Logotipo-papiroga.png","contentUrl":"https:\/\/papiroga.com\/wp-content\/uploads\/2024\/09\/Logotipo-papiroga.png","width":2070,"height":401,"caption":"papiroga"},"image":{"@id":"https:\/\/papiroga.com\/en\/#\/schema\/logo\/image\/"},"sameAs":["https:\/\/www.instagram.com\/papiroga\/"]}]},"product_price_amount":"132.81","product_price_currency":"EUR","og_availability":"out of stock","product_availability":"out of stock","product_retailer_item_id":"Plantifula","product_condition":"new"},"_links":{"self":[{"href":"https:\/\/papiroga.com\/en\/wp-json\/wp\/v2\/product\/19371","targetHints":{"allow":["GET"]}}],"collection":[{"href":"https:\/\/papiroga.com\/en\/wp-json\/wp\/v2\/product"}],"about":[{"href":"https:\/\/papiroga.com\/en\/wp-json\/wp\/v2\/types\/product"}],"wp:featuredmedia":[{"embeddable":true,"href":"https:\/\/papiroga.com\/en\/wp-json\/wp\/v2\/media\/19373"}],"wp:attachment":[{"href":"https:\/\/papiroga.com\/en\/wp-json\/wp\/v2\/media?parent=19371"}],"wp:term":[{"taxonomy":"product_brand","embeddable":true,"href":"https:\/\/papiroga.com\/en\/wp-json\/wp\/v2\/product_brand?post=19371"},{"taxonomy":"product_cat","embeddable":true,"href":"https:\/\/papiroga.com\/en\/wp-json\/wp\/v2\/product_cat?post=19371"},{"taxonomy":"product_tag","embeddable":true,"href":"https:\/\/papiroga.com\/en\/wp-json\/wp\/v2\/product_tag?post=19371"}],"curies":[{"name":"wp","href":"https:\/\/api.w.org\/{rel}","templated":true}]}}