{"id":22304,"date":"2016-10-08T16:53:52","date_gmt":"2016-10-08T16:53:52","guid":{"rendered":"https:\/\/papiroga.com\/?product=el-lago"},"modified":"2024-12-13T12:47:18","modified_gmt":"2024-12-13T11:47:18","slug":"el-lago","status":"publish","type":"product","link":"https:\/\/papiroga.com\/en\/bear\/el-lago\/","title":{"rendered":"EL LAGO"},"content":{"rendered":"<p>Volvieron a nadar. Jugaron a ser focas. \u00c9l se zambull\u00f3 debajo de ella y le sopl\u00f3 burbujas en el pecho. Lou se abri\u00f3 de piernas para atraparlas. Ahora sab\u00eda que lo amaba, lo amaba con una pasi\u00f3n limpia que nunca hab\u00eda sentido antes. (<em>Oso<\/em>, Cap. XIX, p. 144)<\/p>\n","protected":false},"excerpt":{"rendered":"<p>Volvieron a nadar. Jugaron a ser focas. \u00c9l se zambull\u00f3 debajo de ella y le sopl\u00f3 burbujas en el pecho. Lou se abri\u00f3 de piernas para atraparlas. Ahora sab\u00eda que lo amaba, lo amaba con una pasi\u00f3n limpia que nunca hab\u00eda sentido antes. (Oso, Cap. XIX, p. 144)<\/p>\n","protected":false},"featured_media":22306,"template":"","meta":{"_acf_changed":false},"product_brand":[],"product_cat":[1164],"product_tag":[1236,1384],"class_list":{"0":"post-22304","1":"product","2":"type-product","3":"status-publish","4":"has-post-thumbnail","6":"moods-happiest-on-earth","7":"tipos-pendiente","8":"product_cat-oso","9":"product_tag-happy","10":"product_tag-zanahoria","11":"pa_pin-pinza-pin-es","12":"pa_pin-pinza-pinza-es","14":"first","15":"outofstock","16":"taxable","17":"shipping-taxable","18":"purchasable","19":"product-type-variable","20":"add-to-wishlist-before_image"},"acf":[],"yoast_head":"<!-- This site is optimized with the Yoast SEO Premium plugin v27.4 (Yoast SEO v27.5) - https:\/\/yoast.com\/product\/yoast-seo-premium-wordpress\/ -->\n<title>EL LAGO - papiroga<\/title>\n<meta name=\"robots\" content=\"index, follow, max-snippet:-1, max-image-preview:large, max-video-preview:-1\" \/>\n<link rel=\"canonical\" href=\"https:\/\/papiroga.com\/en\/bear\/el-lago\/\" \/>\n<meta property=\"og:locale\" content=\"en_US\" \/>\n<meta property=\"og:type\" content=\"article\" \/>\n<meta property=\"og:title\" content=\"EL LAGO\" \/>\n<meta property=\"og:description\" content=\"Volvieron a nadar. Jugaron a ser focas. \u00c9l se zambull\u00f3 debajo de ella y le sopl\u00f3 burbujas en el pecho. Lou se abri\u00f3 de piernas para atraparlas. Ahora sab\u00eda que lo amaba, lo amaba con una pasi\u00f3n limpia que nunca hab\u00eda sentido antes. (Oso, Cap. XIX, p. 144)\" \/>\n<meta property=\"og:url\" content=\"https:\/\/papiroga.com\/en\/bear\/el-lago\/\" \/>\n<meta property=\"og:site_name\" content=\"papiroga\" \/>\n<meta property=\"article:modified_time\" content=\"2024-12-13T11:47:18+00:00\" \/>\n<meta property=\"og:image\" content=\"https:\/\/papiroga.com\/wp-content\/uploads\/nc\/2016\/10\/El-Lago-Oso.jpg\" \/>\n\t<meta property=\"og:image:width\" content=\"1260\" \/>\n\t<meta property=\"og:image:height\" content=\"1220\" \/>\n\t<meta property=\"og:image:type\" content=\"image\/jpeg\" \/>\n<meta name=\"twitter:card\" content=\"summary_large_image\" \/>\n<meta name=\"twitter:label1\" content=\"Availability\" \/>\n\t<meta name=\"twitter:data1\" content=\"Out of stock\" \/>\n<script type=\"application\/ld+json\" class=\"yoast-schema-graph\">{\"@context\":\"https:\\\/\\\/schema.org\",\"@graph\":[{\"@type\":\"WebPage\",\"@id\":\"https:\\\/\\\/papiroga.com\\\/en\\\/bear\\\/el-lago\\\/\",\"url\":\"https:\\\/\\\/papiroga.com\\\/en\\\/bear\\\/el-lago\\\/\",\"name\":\"EL LAGO - papiroga\",\"isPartOf\":{\"@id\":\"https:\\\/\\\/papiroga.com\\\/en\\\/#website\"},\"primaryImageOfPage\":{\"@id\":\"https:\\\/\\\/papiroga.com\\\/en\\\/bear\\\/el-lago\\\/#primaryimage\"},\"image\":{\"@id\":\"https:\\\/\\\/papiroga.com\\\/en\\\/bear\\\/el-lago\\\/#primaryimage\"},\"thumbnailUrl\":\"https:\\\/\\\/papiroga.com\\\/wp-content\\\/uploads\\\/nc\\\/2016\\\/10\\\/El-Lago-Oso.jpg\",\"datePublished\":\"2016-10-08T16:53:52+00:00\",\"dateModified\":\"2024-12-13T11:47:18+00:00\",\"breadcrumb\":{\"@id\":\"https:\\\/\\\/papiroga.com\\\/en\\\/bear\\\/el-lago\\\/#breadcrumb\"},\"inLanguage\":\"en-US\",\"potentialAction\":[{\"@type\":\"ReadAction\",\"target\":[\"https:\\\/\\\/papiroga.com\\\/en\\\/bear\\\/el-lago\\\/\"]}]},{\"@type\":\"ImageObject\",\"inLanguage\":\"en-US\",\"@id\":\"https:\\\/\\\/papiroga.com\\\/en\\\/bear\\\/el-lago\\\/#primaryimage\",\"url\":\"https:\\\/\\\/papiroga.com\\\/wp-content\\\/uploads\\\/nc\\\/2016\\\/10\\\/El-Lago-Oso.jpg\",\"contentUrl\":\"https:\\\/\\\/papiroga.com\\\/wp-content\\\/uploads\\\/nc\\\/2016\\\/10\\\/El-Lago-Oso.jpg\",\"width\":1260,\"height\":1220,\"caption\":\"EL LAGO\"},{\"@type\":\"BreadcrumbList\",\"@id\":\"https:\\\/\\\/papiroga.com\\\/en\\\/bear\\\/el-lago\\\/#breadcrumb\",\"itemListElement\":[{\"@type\":\"ListItem\",\"position\":1,\"name\":\"Portada\",\"item\":\"https:\\\/\\\/papiroga.com\\\/en\\\/\"},{\"@type\":\"ListItem\",\"position\":2,\"name\":\"Shop\",\"item\":\"https:\\\/\\\/papiroga.com\\\/en\\\/\"},{\"@type\":\"ListItem\",\"position\":3,\"name\":\"EL LAGO\"}]},{\"@type\":\"WebSite\",\"@id\":\"https:\\\/\\\/papiroga.com\\\/en\\\/#website\",\"url\":\"https:\\\/\\\/papiroga.com\\\/en\\\/\",\"name\":\"papiroga\",\"description\":\"How do you wanna feel today?\",\"publisher\":{\"@id\":\"https:\\\/\\\/papiroga.com\\\/en\\\/#organization\"},\"potentialAction\":[{\"@type\":\"SearchAction\",\"target\":{\"@type\":\"EntryPoint\",\"urlTemplate\":\"https:\\\/\\\/papiroga.com\\\/en\\\/?s={search_term_string}\"},\"query-input\":{\"@type\":\"PropertyValueSpecification\",\"valueRequired\":true,\"valueName\":\"search_term_string\"}}],\"inLanguage\":\"en-US\"},{\"@type\":\"Organization\",\"@id\":\"https:\\\/\\\/papiroga.com\\\/en\\\/#organization\",\"name\":\"papiroga\",\"url\":\"https:\\\/\\\/papiroga.com\\\/en\\\/\",\"logo\":{\"@type\":\"ImageObject\",\"inLanguage\":\"en-US\",\"@id\":\"https:\\\/\\\/papiroga.com\\\/en\\\/#\\\/schema\\\/logo\\\/image\\\/\",\"url\":\"https:\\\/\\\/papiroga.com\\\/wp-content\\\/uploads\\\/2024\\\/09\\\/Logotipo-papiroga.png\",\"contentUrl\":\"https:\\\/\\\/papiroga.com\\\/wp-content\\\/uploads\\\/2024\\\/09\\\/Logotipo-papiroga.png\",\"width\":2070,\"height\":401,\"caption\":\"papiroga\"},\"image\":{\"@id\":\"https:\\\/\\\/papiroga.com\\\/en\\\/#\\\/schema\\\/logo\\\/image\\\/\"},\"sameAs\":[\"https:\\\/\\\/www.instagram.com\\\/papiroga\\\/\"]}]}<\/script>\n<meta property=\"og:availability\" content=\"out of stock\" \/>\n<meta property=\"product:availability\" content=\"out of stock\" \/>\n<meta property=\"product:retailer_item_id\" content=\"El_lago\" \/>\n<meta property=\"product:condition\" content=\"new\" \/>\n<!-- \/ Yoast SEO Premium plugin. -->","yoast_head_json":{"title":"EL LAGO - papiroga","robots":{"index":"index","follow":"follow","max-snippet":"max-snippet:-1","max-image-preview":"max-image-preview:large","max-video-preview":"max-video-preview:-1"},"canonical":"https:\/\/papiroga.com\/en\/bear\/el-lago\/","og_locale":"en_US","og_type":"article","og_title":"EL LAGO","og_description":"Volvieron a nadar. Jugaron a ser focas. \u00c9l se zambull\u00f3 debajo de ella y le sopl\u00f3 burbujas en el pecho. Lou se abri\u00f3 de piernas para atraparlas. Ahora sab\u00eda que lo amaba, lo amaba con una pasi\u00f3n limpia que nunca hab\u00eda sentido antes. (Oso, Cap. XIX, p. 144)","og_url":"https:\/\/papiroga.com\/en\/bear\/el-lago\/","og_site_name":"papiroga","article_modified_time":"2024-12-13T11:47:18+00:00","og_image":[{"width":1260,"height":1220,"url":"https:\/\/papiroga.com\/wp-content\/uploads\/nc\/2016\/10\/El-Lago-Oso.jpg","type":"image\/jpeg"}],"twitter_card":"summary_large_image","twitter_misc":{"Availability":"Out of stock"},"schema":{"@context":"https:\/\/schema.org","@graph":[{"@type":"WebPage","@id":"https:\/\/papiroga.com\/en\/bear\/el-lago\/","url":"https:\/\/papiroga.com\/en\/bear\/el-lago\/","name":"EL LAGO - papiroga","isPartOf":{"@id":"https:\/\/papiroga.com\/en\/#website"},"primaryImageOfPage":{"@id":"https:\/\/papiroga.com\/en\/bear\/el-lago\/#primaryimage"},"image":{"@id":"https:\/\/papiroga.com\/en\/bear\/el-lago\/#primaryimage"},"thumbnailUrl":"https:\/\/papiroga.com\/wp-content\/uploads\/nc\/2016\/10\/El-Lago-Oso.jpg","datePublished":"2016-10-08T16:53:52+00:00","dateModified":"2024-12-13T11:47:18+00:00","breadcrumb":{"@id":"https:\/\/papiroga.com\/en\/bear\/el-lago\/#breadcrumb"},"inLanguage":"en-US","potentialAction":[{"@type":"ReadAction","target":["https:\/\/papiroga.com\/en\/bear\/el-lago\/"]}]},{"@type":"ImageObject","inLanguage":"en-US","@id":"https:\/\/papiroga.com\/en\/bear\/el-lago\/#primaryimage","url":"https:\/\/papiroga.com\/wp-content\/uploads\/nc\/2016\/10\/El-Lago-Oso.jpg","contentUrl":"https:\/\/papiroga.com\/wp-content\/uploads\/nc\/2016\/10\/El-Lago-Oso.jpg","width":1260,"height":1220,"caption":"EL LAGO"},{"@type":"BreadcrumbList","@id":"https:\/\/papiroga.com\/en\/bear\/el-lago\/#breadcrumb","itemListElement":[{"@type":"ListItem","position":1,"name":"Portada","item":"https:\/\/papiroga.com\/en\/"},{"@type":"ListItem","position":2,"name":"Shop","item":"https:\/\/papiroga.com\/en\/"},{"@type":"ListItem","position":3,"name":"EL LAGO"}]},{"@type":"WebSite","@id":"https:\/\/papiroga.com\/en\/#website","url":"https:\/\/papiroga.com\/en\/","name":"papiroga","description":"How do you wanna feel today?","publisher":{"@id":"https:\/\/papiroga.com\/en\/#organization"},"potentialAction":[{"@type":"SearchAction","target":{"@type":"EntryPoint","urlTemplate":"https:\/\/papiroga.com\/en\/?s={search_term_string}"},"query-input":{"@type":"PropertyValueSpecification","valueRequired":true,"valueName":"search_term_string"}}],"inLanguage":"en-US"},{"@type":"Organization","@id":"https:\/\/papiroga.com\/en\/#organization","name":"papiroga","url":"https:\/\/papiroga.com\/en\/","logo":{"@type":"ImageObject","inLanguage":"en-US","@id":"https:\/\/papiroga.com\/en\/#\/schema\/logo\/image\/","url":"https:\/\/papiroga.com\/wp-content\/uploads\/2024\/09\/Logotipo-papiroga.png","contentUrl":"https:\/\/papiroga.com\/wp-content\/uploads\/2024\/09\/Logotipo-papiroga.png","width":2070,"height":401,"caption":"papiroga"},"image":{"@id":"https:\/\/papiroga.com\/en\/#\/schema\/logo\/image\/"},"sameAs":["https:\/\/www.instagram.com\/papiroga\/"]}]},"og_availability":"out of stock","product_availability":"out of stock","product_retailer_item_id":"El_lago","product_condition":"new"},"_links":{"self":[{"href":"https:\/\/papiroga.com\/en\/wp-json\/wp\/v2\/product\/22304","targetHints":{"allow":["GET"]}}],"collection":[{"href":"https:\/\/papiroga.com\/en\/wp-json\/wp\/v2\/product"}],"about":[{"href":"https:\/\/papiroga.com\/en\/wp-json\/wp\/v2\/types\/product"}],"wp:featuredmedia":[{"embeddable":true,"href":"https:\/\/papiroga.com\/en\/wp-json\/wp\/v2\/media\/22306"}],"wp:attachment":[{"href":"https:\/\/papiroga.com\/en\/wp-json\/wp\/v2\/media?parent=22304"}],"wp:term":[{"taxonomy":"product_brand","embeddable":true,"href":"https:\/\/papiroga.com\/en\/wp-json\/wp\/v2\/product_brand?post=22304"},{"taxonomy":"product_cat","embeddable":true,"href":"https:\/\/papiroga.com\/en\/wp-json\/wp\/v2\/product_cat?post=22304"},{"taxonomy":"product_tag","embeddable":true,"href":"https:\/\/papiroga.com\/en\/wp-json\/wp\/v2\/product_tag?post=22304"}],"curies":[{"name":"wp","href":"https:\/\/api.w.org\/{rel}","templated":true}]}}