{"id":24441,"date":"2022-02-23T09:59:04","date_gmt":"2022-02-23T09:59:04","guid":{"rendered":"https:\/\/papiroga.com\/?product=sow"},"modified":"2026-02-02T15:12:55","modified_gmt":"2026-02-02T14:12:55","slug":"sow","status":"publish","type":"product","link":"https:\/\/papiroga.com\/en\/the-demeters-collection\/sow\/","title":{"rendered":"SOW"},"content":{"rendered":"<p class=\"p1\">And thus it came to pass that the splendid son of bright-minded Keleos, D\u00eamoph\u00f4n, who was born to well-girded Metaneira, was nourished in the palace, and he grew up like a <i>daim\u00f4n<\/i>, not eating grain, not sucking from the breast. But Demeter used to anoint him with ambrosia, as if he had been born of the goddess, and she would breathe down her sweet breath on him as she held him to her bosom. At nights she would conceal him within the menos of fire, as if he were a smoldering log, and his philoi parents were kept unaware. But they marveled at how full in bloom he came to be, and to look at him was like looking at the gods.<\/p>\n<p class=\"p1\"><i>(Hymn to Demeter,<\/i> 233-242)<\/p>\n","protected":false},"excerpt":{"rendered":"<p>And thus it came to pass that the splendid son of bright-minded Keleos, D\u00eamoph\u00f4n, who was born to well-girded Metaneira, was nourished in the palace, and he grew up like a daim\u00f4n, not eating grain, not sucking from the breast. But Demeter used to anoint him with ambrosia, as if he had been born of [&hellip;]<\/p>\n","protected":false},"featured_media":24443,"template":"","meta":{"_acf_changed":false},"product_brand":[],"product_cat":[1201],"product_tag":[],"class_list":{"0":"post-24441","1":"product","2":"type-product","3":"status-publish","4":"has-post-thumbnail","6":"moods-happiest-on-earth-en","7":"tipos-earring","8":"year-taxo-1695","9":"size-product-maxi","10":"product_cat-the-demeters-collection","12":"first","13":"outofstock","14":"taxable","15":"shipping-taxable","16":"purchasable","17":"product-type-simple","18":"add-to-wishlist-before_image"},"acf":[],"yoast_head":"<!-- This site is optimized with the Yoast SEO Premium plugin v27.5 (Yoast SEO v27.6) - https:\/\/yoast.com\/product\/yoast-seo-premium-wordpress\/ -->\n<title>SOW - papiroga<\/title>\n<meta name=\"robots\" content=\"index, follow, max-snippet:-1, max-image-preview:large, max-video-preview:-1\" \/>\n<link rel=\"canonical\" href=\"https:\/\/papiroga.com\/en\/the-demeters-collection\/sow\/\" \/>\n<meta property=\"og:locale\" content=\"en_US\" \/>\n<meta property=\"og:type\" content=\"article\" \/>\n<meta property=\"og:title\" content=\"SOW\" \/>\n<meta property=\"og:description\" content=\"And thus it came to pass that the splendid son of bright-minded Keleos, D\u00eamoph\u00f4n, who was born to well-girded Metaneira, was nourished in the palace, and he grew up like a daim\u00f4n, not eating grain, not sucking from the breast. But Demeter used to anoint him with ambrosia, as if he had been born of [&hellip;]\" \/>\n<meta property=\"og:url\" content=\"https:\/\/papiroga.com\/en\/the-demeters-collection\/sow\/\" \/>\n<meta property=\"og:site_name\" content=\"papiroga\" \/>\n<meta property=\"article:modified_time\" content=\"2026-02-02T14:12:55+00:00\" \/>\n<meta property=\"og:image\" content=\"https:\/\/papiroga.com\/wp-content\/uploads\/nc\/2022\/02\/Papiroga_The-Demeters_Sembrar_producto-scaled.jpg\" \/>\n\t<meta property=\"og:image:width\" content=\"2560\" \/>\n\t<meta property=\"og:image:height\" content=\"2468\" \/>\n\t<meta property=\"og:image:type\" content=\"image\/jpeg\" \/>\n<meta name=\"twitter:card\" content=\"summary_large_image\" \/>\n<meta name=\"twitter:label1\" content=\"Price\" \/>\n\t<meta name=\"twitter:data1\" content=\"109,38&nbsp;&euro;\" \/>\n\t<meta name=\"twitter:label2\" content=\"Availability\" \/>\n\t<meta name=\"twitter:data2\" content=\"Out of stock\" \/>\n<script type=\"application\/ld+json\" class=\"yoast-schema-graph\">{\"@context\":\"https:\\\/\\\/schema.org\",\"@graph\":[{\"@type\":\"WebPage\",\"@id\":\"https:\\\/\\\/papiroga.com\\\/en\\\/the-demeters-collection\\\/sow\\\/\",\"url\":\"https:\\\/\\\/papiroga.com\\\/en\\\/the-demeters-collection\\\/sow\\\/\",\"name\":\"SOW - papiroga\",\"isPartOf\":{\"@id\":\"https:\\\/\\\/papiroga.com\\\/en\\\/#website\"},\"primaryImageOfPage\":{\"@id\":\"https:\\\/\\\/papiroga.com\\\/en\\\/the-demeters-collection\\\/sow\\\/#primaryimage\"},\"image\":{\"@id\":\"https:\\\/\\\/papiroga.com\\\/en\\\/the-demeters-collection\\\/sow\\\/#primaryimage\"},\"thumbnailUrl\":\"https:\\\/\\\/papiroga.com\\\/wp-content\\\/uploads\\\/nc\\\/2022\\\/02\\\/Papiroga_The-Demeters_Sembrar_producto-scaled.jpg\",\"datePublished\":\"2022-02-23T09:59:04+00:00\",\"dateModified\":\"2026-02-02T14:12:55+00:00\",\"breadcrumb\":{\"@id\":\"https:\\\/\\\/papiroga.com\\\/en\\\/the-demeters-collection\\\/sow\\\/#breadcrumb\"},\"inLanguage\":\"en-US\",\"potentialAction\":[{\"@type\":\"ReadAction\",\"target\":[\"https:\\\/\\\/papiroga.com\\\/en\\\/the-demeters-collection\\\/sow\\\/\"]}]},{\"@type\":\"ImageObject\",\"inLanguage\":\"en-US\",\"@id\":\"https:\\\/\\\/papiroga.com\\\/en\\\/the-demeters-collection\\\/sow\\\/#primaryimage\",\"url\":\"https:\\\/\\\/papiroga.com\\\/wp-content\\\/uploads\\\/nc\\\/2022\\\/02\\\/Papiroga_The-Demeters_Sembrar_producto-scaled.jpg\",\"contentUrl\":\"https:\\\/\\\/papiroga.com\\\/wp-content\\\/uploads\\\/nc\\\/2022\\\/02\\\/Papiroga_The-Demeters_Sembrar_producto-scaled.jpg\",\"width\":2560,\"height\":2468,\"caption\":\"SEMBRAR\"},{\"@type\":\"BreadcrumbList\",\"@id\":\"https:\\\/\\\/papiroga.com\\\/en\\\/the-demeters-collection\\\/sow\\\/#breadcrumb\",\"itemListElement\":[{\"@type\":\"ListItem\",\"position\":1,\"name\":\"Portada\",\"item\":\"https:\\\/\\\/papiroga.com\\\/en\\\/\"},{\"@type\":\"ListItem\",\"position\":2,\"name\":\"Shop\",\"item\":\"https:\\\/\\\/papiroga.com\\\/en\\\/\"},{\"@type\":\"ListItem\",\"position\":3,\"name\":\"SOW\"}]},{\"@type\":\"WebSite\",\"@id\":\"https:\\\/\\\/papiroga.com\\\/en\\\/#website\",\"url\":\"https:\\\/\\\/papiroga.com\\\/en\\\/\",\"name\":\"papiroga\",\"description\":\"How do you wanna feel today?\",\"publisher\":{\"@id\":\"https:\\\/\\\/papiroga.com\\\/en\\\/#organization\"},\"potentialAction\":[{\"@type\":\"SearchAction\",\"target\":{\"@type\":\"EntryPoint\",\"urlTemplate\":\"https:\\\/\\\/papiroga.com\\\/en\\\/?s={search_term_string}\"},\"query-input\":{\"@type\":\"PropertyValueSpecification\",\"valueRequired\":true,\"valueName\":\"search_term_string\"}}],\"inLanguage\":\"en-US\"},{\"@type\":\"Organization\",\"@id\":\"https:\\\/\\\/papiroga.com\\\/en\\\/#organization\",\"name\":\"papiroga\",\"url\":\"https:\\\/\\\/papiroga.com\\\/en\\\/\",\"logo\":{\"@type\":\"ImageObject\",\"inLanguage\":\"en-US\",\"@id\":\"https:\\\/\\\/papiroga.com\\\/en\\\/#\\\/schema\\\/logo\\\/image\\\/\",\"url\":\"https:\\\/\\\/papiroga.com\\\/wp-content\\\/uploads\\\/2024\\\/09\\\/Logotipo-papiroga.png\",\"contentUrl\":\"https:\\\/\\\/papiroga.com\\\/wp-content\\\/uploads\\\/2024\\\/09\\\/Logotipo-papiroga.png\",\"width\":2070,\"height\":401,\"caption\":\"papiroga\"},\"image\":{\"@id\":\"https:\\\/\\\/papiroga.com\\\/en\\\/#\\\/schema\\\/logo\\\/image\\\/\"},\"sameAs\":[\"https:\\\/\\\/www.instagram.com\\\/papiroga\\\/\"]}]}<\/script>\n<meta property=\"product:price:amount\" content=\"109.38\" \/>\n<meta property=\"product:price:currency\" content=\"EUR\" \/>\n<meta property=\"og:availability\" content=\"out of stock\" \/>\n<meta property=\"product:availability\" content=\"out of stock\" \/>\n<meta property=\"product:retailer_item_id\" content=\"Sembrar\" \/>\n<meta property=\"product:condition\" content=\"new\" \/>\n<!-- \/ Yoast SEO Premium plugin. -->","yoast_head_json":{"title":"SOW - papiroga","robots":{"index":"index","follow":"follow","max-snippet":"max-snippet:-1","max-image-preview":"max-image-preview:large","max-video-preview":"max-video-preview:-1"},"canonical":"https:\/\/papiroga.com\/en\/the-demeters-collection\/sow\/","og_locale":"en_US","og_type":"article","og_title":"SOW","og_description":"And thus it came to pass that the splendid son of bright-minded Keleos, D\u00eamoph\u00f4n, who was born to well-girded Metaneira, was nourished in the palace, and he grew up like a daim\u00f4n, not eating grain, not sucking from the breast. But Demeter used to anoint him with ambrosia, as if he had been born of [&hellip;]","og_url":"https:\/\/papiroga.com\/en\/the-demeters-collection\/sow\/","og_site_name":"papiroga","article_modified_time":"2026-02-02T14:12:55+00:00","og_image":[{"width":2560,"height":2468,"url":"https:\/\/papiroga.com\/wp-content\/uploads\/nc\/2022\/02\/Papiroga_The-Demeters_Sembrar_producto-scaled.jpg","type":"image\/jpeg"}],"twitter_card":"summary_large_image","twitter_misc":{"Price":"109,38&nbsp;&euro;","Availability":"Out of stock"},"schema":{"@context":"https:\/\/schema.org","@graph":[{"@type":"WebPage","@id":"https:\/\/papiroga.com\/en\/the-demeters-collection\/sow\/","url":"https:\/\/papiroga.com\/en\/the-demeters-collection\/sow\/","name":"SOW - papiroga","isPartOf":{"@id":"https:\/\/papiroga.com\/en\/#website"},"primaryImageOfPage":{"@id":"https:\/\/papiroga.com\/en\/the-demeters-collection\/sow\/#primaryimage"},"image":{"@id":"https:\/\/papiroga.com\/en\/the-demeters-collection\/sow\/#primaryimage"},"thumbnailUrl":"https:\/\/papiroga.com\/wp-content\/uploads\/nc\/2022\/02\/Papiroga_The-Demeters_Sembrar_producto-scaled.jpg","datePublished":"2022-02-23T09:59:04+00:00","dateModified":"2026-02-02T14:12:55+00:00","breadcrumb":{"@id":"https:\/\/papiroga.com\/en\/the-demeters-collection\/sow\/#breadcrumb"},"inLanguage":"en-US","potentialAction":[{"@type":"ReadAction","target":["https:\/\/papiroga.com\/en\/the-demeters-collection\/sow\/"]}]},{"@type":"ImageObject","inLanguage":"en-US","@id":"https:\/\/papiroga.com\/en\/the-demeters-collection\/sow\/#primaryimage","url":"https:\/\/papiroga.com\/wp-content\/uploads\/nc\/2022\/02\/Papiroga_The-Demeters_Sembrar_producto-scaled.jpg","contentUrl":"https:\/\/papiroga.com\/wp-content\/uploads\/nc\/2022\/02\/Papiroga_The-Demeters_Sembrar_producto-scaled.jpg","width":2560,"height":2468,"caption":"SEMBRAR"},{"@type":"BreadcrumbList","@id":"https:\/\/papiroga.com\/en\/the-demeters-collection\/sow\/#breadcrumb","itemListElement":[{"@type":"ListItem","position":1,"name":"Portada","item":"https:\/\/papiroga.com\/en\/"},{"@type":"ListItem","position":2,"name":"Shop","item":"https:\/\/papiroga.com\/en\/"},{"@type":"ListItem","position":3,"name":"SOW"}]},{"@type":"WebSite","@id":"https:\/\/papiroga.com\/en\/#website","url":"https:\/\/papiroga.com\/en\/","name":"papiroga","description":"How do you wanna feel today?","publisher":{"@id":"https:\/\/papiroga.com\/en\/#organization"},"potentialAction":[{"@type":"SearchAction","target":{"@type":"EntryPoint","urlTemplate":"https:\/\/papiroga.com\/en\/?s={search_term_string}"},"query-input":{"@type":"PropertyValueSpecification","valueRequired":true,"valueName":"search_term_string"}}],"inLanguage":"en-US"},{"@type":"Organization","@id":"https:\/\/papiroga.com\/en\/#organization","name":"papiroga","url":"https:\/\/papiroga.com\/en\/","logo":{"@type":"ImageObject","inLanguage":"en-US","@id":"https:\/\/papiroga.com\/en\/#\/schema\/logo\/image\/","url":"https:\/\/papiroga.com\/wp-content\/uploads\/2024\/09\/Logotipo-papiroga.png","contentUrl":"https:\/\/papiroga.com\/wp-content\/uploads\/2024\/09\/Logotipo-papiroga.png","width":2070,"height":401,"caption":"papiroga"},"image":{"@id":"https:\/\/papiroga.com\/en\/#\/schema\/logo\/image\/"},"sameAs":["https:\/\/www.instagram.com\/papiroga\/"]}]},"product_price_amount":"109.38","product_price_currency":"EUR","og_availability":"out of stock","product_availability":"out of stock","product_retailer_item_id":"Sembrar","product_condition":"new"},"_links":{"self":[{"href":"https:\/\/papiroga.com\/en\/wp-json\/wp\/v2\/product\/24441","targetHints":{"allow":["GET"]}}],"collection":[{"href":"https:\/\/papiroga.com\/en\/wp-json\/wp\/v2\/product"}],"about":[{"href":"https:\/\/papiroga.com\/en\/wp-json\/wp\/v2\/types\/product"}],"wp:featuredmedia":[{"embeddable":true,"href":"https:\/\/papiroga.com\/en\/wp-json\/wp\/v2\/media\/24443"}],"wp:attachment":[{"href":"https:\/\/papiroga.com\/en\/wp-json\/wp\/v2\/media?parent=24441"}],"wp:term":[{"taxonomy":"product_brand","embeddable":true,"href":"https:\/\/papiroga.com\/en\/wp-json\/wp\/v2\/product_brand?post=24441"},{"taxonomy":"product_cat","embeddable":true,"href":"https:\/\/papiroga.com\/en\/wp-json\/wp\/v2\/product_cat?post=24441"},{"taxonomy":"product_tag","embeddable":true,"href":"https:\/\/papiroga.com\/en\/wp-json\/wp\/v2\/product_tag?post=24441"}],"curies":[{"name":"wp","href":"https:\/\/api.w.org\/{rel}","templated":true}]}}