{"id":24521,"date":"2022-02-23T11:16:22","date_gmt":"2022-02-23T11:16:22","guid":{"rendered":"https:\/\/papiroga.com\/?product=the-nymphs"},"modified":"2025-09-12T12:36:10","modified_gmt":"2025-09-12T10:36:10","slug":"the-nymphs","status":"publish","type":"product","link":"https:\/\/papiroga.com\/en\/the-demeters-collection\/the-nymphs\/","title":{"rendered":"THE NYMPHS"},"content":{"rendered":"<p class=\"p1\">We were, all of us, going along the lovely meadow, I and Leukipp\u00ea, Phain\u00f4, Elektra, Ianth\u00ea, Melit\u00ea, Iakh\u00ea, Rhodeia, Kallirrho\u00ea, M\u00ealobosis, Tych\u00ea, and flower-faced Okyrrho\u00ea, Chryseis, Ianeira, Akast\u00ea, Adm\u00eat\u00ea, Rhodop\u00ea, Plout\u00f4, and lovely Kalyps\u00f4, Styx, Ourania, and lovely Galaxaura. Also Pallas, the one who rouses to battle, and Artemis, who delights in arrows. We were playing and gathering lovely flowers in our hands, an assortment of delicate crocus, iris, and hyacinth, rosebuds and lilies, a wonder to behold, and the narcissus, which is grown, like the crocus, by the wide earth. I was joyfully gathering the flowers, and then the earth beneath me gave way, and there it was that he sprang out, the powerful lord who receives many guests.<\/p>\n<p class=\"p1\"><i>(Hymn to Demeter, <\/i>416-430)<\/p>\n","protected":false},"excerpt":{"rendered":"<p>We were, all of us, going along the lovely meadow, I and Leukipp\u00ea, Phain\u00f4, Elektra, Ianth\u00ea, Melit\u00ea, Iakh\u00ea, Rhodeia, Kallirrho\u00ea, M\u00ealobosis, Tych\u00ea, and flower-faced Okyrrho\u00ea, Chryseis, Ianeira, Akast\u00ea, Adm\u00eat\u00ea, Rhodop\u00ea, Plout\u00f4, and lovely Kalyps\u00f4, Styx, Ourania, and lovely Galaxaura. Also Pallas, the one who rouses to battle, and Artemis, who delights in arrows. We were [&hellip;]<\/p>\n","protected":false},"featured_media":24523,"template":"","meta":{"_acf_changed":false},"product_brand":[],"product_cat":[1201],"product_tag":[],"class_list":{"0":"post-24521","1":"product","2":"type-product","3":"status-publish","4":"has-post-thumbnail","6":"moods-happiest-on-earth-en","7":"tipos-earring","8":"year-taxo-1695","9":"size-product-mini","10":"product_cat-the-demeters-collection","12":"first","13":"outofstock","14":"taxable","15":"shipping-taxable","16":"purchasable","17":"product-type-simple","18":"add-to-wishlist-before_image"},"acf":[],"yoast_head":"<!-- This site is optimized with the Yoast SEO Premium plugin v27.5 (Yoast SEO v27.6) - https:\/\/yoast.com\/product\/yoast-seo-premium-wordpress\/ -->\n<title>THE NYMPHS - papiroga<\/title>\n<meta name=\"robots\" content=\"index, follow, max-snippet:-1, max-image-preview:large, max-video-preview:-1\" \/>\n<link rel=\"canonical\" href=\"https:\/\/papiroga.com\/en\/the-demeters-collection\/the-nymphs\/\" \/>\n<meta property=\"og:locale\" content=\"en_US\" \/>\n<meta property=\"og:type\" content=\"article\" \/>\n<meta property=\"og:title\" content=\"THE NYMPHS\" \/>\n<meta property=\"og:description\" content=\"We were, all of us, going along the lovely meadow, I and Leukipp\u00ea, Phain\u00f4, Elektra, Ianth\u00ea, Melit\u00ea, Iakh\u00ea, Rhodeia, Kallirrho\u00ea, M\u00ealobosis, Tych\u00ea, and flower-faced Okyrrho\u00ea, Chryseis, Ianeira, Akast\u00ea, Adm\u00eat\u00ea, Rhodop\u00ea, Plout\u00f4, and lovely Kalyps\u00f4, Styx, Ourania, and lovely Galaxaura. Also Pallas, the one who rouses to battle, and Artemis, who delights in arrows. We were [&hellip;]\" \/>\n<meta property=\"og:url\" content=\"https:\/\/papiroga.com\/en\/the-demeters-collection\/the-nymphs\/\" \/>\n<meta property=\"og:site_name\" content=\"papiroga\" \/>\n<meta property=\"article:modified_time\" content=\"2025-09-12T10:36:10+00:00\" \/>\n<meta property=\"og:image\" content=\"https:\/\/papiroga.com\/wp-content\/uploads\/nc\/2022\/02\/Papiroga_The-Demeters_Las-ninfas_producto-scaled.jpg\" \/>\n\t<meta property=\"og:image:width\" content=\"2560\" \/>\n\t<meta property=\"og:image:height\" content=\"2468\" \/>\n\t<meta property=\"og:image:type\" content=\"image\/jpeg\" \/>\n<meta name=\"twitter:card\" content=\"summary_large_image\" \/>\n<meta name=\"twitter:label1\" content=\"Price\" \/>\n\t<meta name=\"twitter:data1\" content=\"62,50&nbsp;&euro;\" \/>\n\t<meta name=\"twitter:label2\" content=\"Availability\" \/>\n\t<meta name=\"twitter:data2\" content=\"Out of stock\" \/>\n<script type=\"application\/ld+json\" class=\"yoast-schema-graph\">{\"@context\":\"https:\\\/\\\/schema.org\",\"@graph\":[{\"@type\":\"WebPage\",\"@id\":\"https:\\\/\\\/papiroga.com\\\/en\\\/the-demeters-collection\\\/the-nymphs\\\/\",\"url\":\"https:\\\/\\\/papiroga.com\\\/en\\\/the-demeters-collection\\\/the-nymphs\\\/\",\"name\":\"THE NYMPHS - papiroga\",\"isPartOf\":{\"@id\":\"https:\\\/\\\/papiroga.com\\\/en\\\/#website\"},\"primaryImageOfPage\":{\"@id\":\"https:\\\/\\\/papiroga.com\\\/en\\\/the-demeters-collection\\\/the-nymphs\\\/#primaryimage\"},\"image\":{\"@id\":\"https:\\\/\\\/papiroga.com\\\/en\\\/the-demeters-collection\\\/the-nymphs\\\/#primaryimage\"},\"thumbnailUrl\":\"https:\\\/\\\/papiroga.com\\\/wp-content\\\/uploads\\\/nc\\\/2022\\\/02\\\/Papiroga_The-Demeters_Las-ninfas_producto-scaled.jpg\",\"datePublished\":\"2022-02-23T11:16:22+00:00\",\"dateModified\":\"2025-09-12T10:36:10+00:00\",\"breadcrumb\":{\"@id\":\"https:\\\/\\\/papiroga.com\\\/en\\\/the-demeters-collection\\\/the-nymphs\\\/#breadcrumb\"},\"inLanguage\":\"en-US\",\"potentialAction\":[{\"@type\":\"ReadAction\",\"target\":[\"https:\\\/\\\/papiroga.com\\\/en\\\/the-demeters-collection\\\/the-nymphs\\\/\"]}]},{\"@type\":\"ImageObject\",\"inLanguage\":\"en-US\",\"@id\":\"https:\\\/\\\/papiroga.com\\\/en\\\/the-demeters-collection\\\/the-nymphs\\\/#primaryimage\",\"url\":\"https:\\\/\\\/papiroga.com\\\/wp-content\\\/uploads\\\/nc\\\/2022\\\/02\\\/Papiroga_The-Demeters_Las-ninfas_producto-scaled.jpg\",\"contentUrl\":\"https:\\\/\\\/papiroga.com\\\/wp-content\\\/uploads\\\/nc\\\/2022\\\/02\\\/Papiroga_The-Demeters_Las-ninfas_producto-scaled.jpg\",\"width\":2560,\"height\":2468,\"caption\":\"LAS NINFAS\"},{\"@type\":\"BreadcrumbList\",\"@id\":\"https:\\\/\\\/papiroga.com\\\/en\\\/the-demeters-collection\\\/the-nymphs\\\/#breadcrumb\",\"itemListElement\":[{\"@type\":\"ListItem\",\"position\":1,\"name\":\"Portada\",\"item\":\"https:\\\/\\\/papiroga.com\\\/en\\\/\"},{\"@type\":\"ListItem\",\"position\":2,\"name\":\"Shop\",\"item\":\"https:\\\/\\\/papiroga.com\\\/en\\\/\"},{\"@type\":\"ListItem\",\"position\":3,\"name\":\"THE NYMPHS\"}]},{\"@type\":\"WebSite\",\"@id\":\"https:\\\/\\\/papiroga.com\\\/en\\\/#website\",\"url\":\"https:\\\/\\\/papiroga.com\\\/en\\\/\",\"name\":\"papiroga\",\"description\":\"How do you wanna feel today?\",\"publisher\":{\"@id\":\"https:\\\/\\\/papiroga.com\\\/en\\\/#organization\"},\"potentialAction\":[{\"@type\":\"SearchAction\",\"target\":{\"@type\":\"EntryPoint\",\"urlTemplate\":\"https:\\\/\\\/papiroga.com\\\/en\\\/?s={search_term_string}\"},\"query-input\":{\"@type\":\"PropertyValueSpecification\",\"valueRequired\":true,\"valueName\":\"search_term_string\"}}],\"inLanguage\":\"en-US\"},{\"@type\":\"Organization\",\"@id\":\"https:\\\/\\\/papiroga.com\\\/en\\\/#organization\",\"name\":\"papiroga\",\"url\":\"https:\\\/\\\/papiroga.com\\\/en\\\/\",\"logo\":{\"@type\":\"ImageObject\",\"inLanguage\":\"en-US\",\"@id\":\"https:\\\/\\\/papiroga.com\\\/en\\\/#\\\/schema\\\/logo\\\/image\\\/\",\"url\":\"https:\\\/\\\/papiroga.com\\\/wp-content\\\/uploads\\\/2024\\\/09\\\/Logotipo-papiroga.png\",\"contentUrl\":\"https:\\\/\\\/papiroga.com\\\/wp-content\\\/uploads\\\/2024\\\/09\\\/Logotipo-papiroga.png\",\"width\":2070,\"height\":401,\"caption\":\"papiroga\"},\"image\":{\"@id\":\"https:\\\/\\\/papiroga.com\\\/en\\\/#\\\/schema\\\/logo\\\/image\\\/\"},\"sameAs\":[\"https:\\\/\\\/www.instagram.com\\\/papiroga\\\/\"]}]}<\/script>\n<meta property=\"product:price:amount\" content=\"62.50\" \/>\n<meta property=\"product:price:currency\" content=\"EUR\" \/>\n<meta property=\"og:availability\" content=\"out of stock\" \/>\n<meta property=\"product:availability\" content=\"out of stock\" \/>\n<meta property=\"product:retailer_item_id\" content=\"Las_ninfas\" \/>\n<meta property=\"product:condition\" content=\"new\" \/>\n<!-- \/ Yoast SEO Premium plugin. -->","yoast_head_json":{"title":"THE NYMPHS - papiroga","robots":{"index":"index","follow":"follow","max-snippet":"max-snippet:-1","max-image-preview":"max-image-preview:large","max-video-preview":"max-video-preview:-1"},"canonical":"https:\/\/papiroga.com\/en\/the-demeters-collection\/the-nymphs\/","og_locale":"en_US","og_type":"article","og_title":"THE NYMPHS","og_description":"We were, all of us, going along the lovely meadow, I and Leukipp\u00ea, Phain\u00f4, Elektra, Ianth\u00ea, Melit\u00ea, Iakh\u00ea, Rhodeia, Kallirrho\u00ea, M\u00ealobosis, Tych\u00ea, and flower-faced Okyrrho\u00ea, Chryseis, Ianeira, Akast\u00ea, Adm\u00eat\u00ea, Rhodop\u00ea, Plout\u00f4, and lovely Kalyps\u00f4, Styx, Ourania, and lovely Galaxaura. Also Pallas, the one who rouses to battle, and Artemis, who delights in arrows. We were [&hellip;]","og_url":"https:\/\/papiroga.com\/en\/the-demeters-collection\/the-nymphs\/","og_site_name":"papiroga","article_modified_time":"2025-09-12T10:36:10+00:00","og_image":[{"width":2560,"height":2468,"url":"https:\/\/papiroga.com\/wp-content\/uploads\/nc\/2022\/02\/Papiroga_The-Demeters_Las-ninfas_producto-scaled.jpg","type":"image\/jpeg"}],"twitter_card":"summary_large_image","twitter_misc":{"Price":"62,50&nbsp;&euro;","Availability":"Out of stock"},"schema":{"@context":"https:\/\/schema.org","@graph":[{"@type":"WebPage","@id":"https:\/\/papiroga.com\/en\/the-demeters-collection\/the-nymphs\/","url":"https:\/\/papiroga.com\/en\/the-demeters-collection\/the-nymphs\/","name":"THE NYMPHS - papiroga","isPartOf":{"@id":"https:\/\/papiroga.com\/en\/#website"},"primaryImageOfPage":{"@id":"https:\/\/papiroga.com\/en\/the-demeters-collection\/the-nymphs\/#primaryimage"},"image":{"@id":"https:\/\/papiroga.com\/en\/the-demeters-collection\/the-nymphs\/#primaryimage"},"thumbnailUrl":"https:\/\/papiroga.com\/wp-content\/uploads\/nc\/2022\/02\/Papiroga_The-Demeters_Las-ninfas_producto-scaled.jpg","datePublished":"2022-02-23T11:16:22+00:00","dateModified":"2025-09-12T10:36:10+00:00","breadcrumb":{"@id":"https:\/\/papiroga.com\/en\/the-demeters-collection\/the-nymphs\/#breadcrumb"},"inLanguage":"en-US","potentialAction":[{"@type":"ReadAction","target":["https:\/\/papiroga.com\/en\/the-demeters-collection\/the-nymphs\/"]}]},{"@type":"ImageObject","inLanguage":"en-US","@id":"https:\/\/papiroga.com\/en\/the-demeters-collection\/the-nymphs\/#primaryimage","url":"https:\/\/papiroga.com\/wp-content\/uploads\/nc\/2022\/02\/Papiroga_The-Demeters_Las-ninfas_producto-scaled.jpg","contentUrl":"https:\/\/papiroga.com\/wp-content\/uploads\/nc\/2022\/02\/Papiroga_The-Demeters_Las-ninfas_producto-scaled.jpg","width":2560,"height":2468,"caption":"LAS NINFAS"},{"@type":"BreadcrumbList","@id":"https:\/\/papiroga.com\/en\/the-demeters-collection\/the-nymphs\/#breadcrumb","itemListElement":[{"@type":"ListItem","position":1,"name":"Portada","item":"https:\/\/papiroga.com\/en\/"},{"@type":"ListItem","position":2,"name":"Shop","item":"https:\/\/papiroga.com\/en\/"},{"@type":"ListItem","position":3,"name":"THE NYMPHS"}]},{"@type":"WebSite","@id":"https:\/\/papiroga.com\/en\/#website","url":"https:\/\/papiroga.com\/en\/","name":"papiroga","description":"How do you wanna feel today?","publisher":{"@id":"https:\/\/papiroga.com\/en\/#organization"},"potentialAction":[{"@type":"SearchAction","target":{"@type":"EntryPoint","urlTemplate":"https:\/\/papiroga.com\/en\/?s={search_term_string}"},"query-input":{"@type":"PropertyValueSpecification","valueRequired":true,"valueName":"search_term_string"}}],"inLanguage":"en-US"},{"@type":"Organization","@id":"https:\/\/papiroga.com\/en\/#organization","name":"papiroga","url":"https:\/\/papiroga.com\/en\/","logo":{"@type":"ImageObject","inLanguage":"en-US","@id":"https:\/\/papiroga.com\/en\/#\/schema\/logo\/image\/","url":"https:\/\/papiroga.com\/wp-content\/uploads\/2024\/09\/Logotipo-papiroga.png","contentUrl":"https:\/\/papiroga.com\/wp-content\/uploads\/2024\/09\/Logotipo-papiroga.png","width":2070,"height":401,"caption":"papiroga"},"image":{"@id":"https:\/\/papiroga.com\/en\/#\/schema\/logo\/image\/"},"sameAs":["https:\/\/www.instagram.com\/papiroga\/"]}]},"product_price_amount":"62.50","product_price_currency":"EUR","og_availability":"out of stock","product_availability":"out of stock","product_retailer_item_id":"Las_ninfas","product_condition":"new"},"_links":{"self":[{"href":"https:\/\/papiroga.com\/en\/wp-json\/wp\/v2\/product\/24521","targetHints":{"allow":["GET"]}}],"collection":[{"href":"https:\/\/papiroga.com\/en\/wp-json\/wp\/v2\/product"}],"about":[{"href":"https:\/\/papiroga.com\/en\/wp-json\/wp\/v2\/types\/product"}],"wp:featuredmedia":[{"embeddable":true,"href":"https:\/\/papiroga.com\/en\/wp-json\/wp\/v2\/media\/24523"}],"wp:attachment":[{"href":"https:\/\/papiroga.com\/en\/wp-json\/wp\/v2\/media?parent=24521"}],"wp:term":[{"taxonomy":"product_brand","embeddable":true,"href":"https:\/\/papiroga.com\/en\/wp-json\/wp\/v2\/product_brand?post=24521"},{"taxonomy":"product_cat","embeddable":true,"href":"https:\/\/papiroga.com\/en\/wp-json\/wp\/v2\/product_cat?post=24521"},{"taxonomy":"product_tag","embeddable":true,"href":"https:\/\/papiroga.com\/en\/wp-json\/wp\/v2\/product_tag?post=24521"}],"curies":[{"name":"wp","href":"https:\/\/api.w.org\/{rel}","templated":true}]}}