{"id":25481,"date":"2024-08-29T12:09:07","date_gmt":"2024-08-29T10:09:07","guid":{"rendered":"https:\/\/papiroga.com\/?product=burgundy-selendia"},"modified":"2024-11-06T19:37:28","modified_gmt":"2024-11-06T18:37:28","slug":"burgundy-selendia","status":"publish","type":"product","link":"https:\/\/papiroga.com\/en\/papiroga-classics\/burgundy-selendia\/","title":{"rendered":"BURGUNDY SELENDIA"},"content":{"rendered":"<p class=\"p1\">\u00a1Ya est\u00e1n aqu\u00ed los classics! Dise\u00f1os que por una raz\u00f3n o por otra sobrevivieron al paso del tiempo. Que se agarraron a nosotros desde el primer instante y ya no nos soltaron, ajenos a las modas y las temporadas. Piezas que seguir\u00e1n acompa\u00f1\u00e1ndonos all\u00ed donde vayamos, hagamos lo que hagamos. Como estos Maxi pendientes de la colecci\u00f3n VOYNICH. As\u00ed que a nuestros classics les dedicamos aqu\u00ed un lugar especial. Porque no queremos que te ocurra lo mismo que con esos vaqueros que te sentaban genial y no has vuelto a encontrar. O con esa fabulosa camiseta de salir convertida en pijama. Accesorios reinventados para no echarlos de menos y siempre dispuestos a estar a tu lado para hacerte sentir un poquito mejor.<\/p>\n","protected":false},"excerpt":{"rendered":"<p>\u00a1Ya est\u00e1n aqu\u00ed los classics! Dise\u00f1os que por una raz\u00f3n o por otra sobrevivieron al paso del tiempo. Que se agarraron a nosotros desde el primer instante y ya no nos soltaron, ajenos a las modas y las temporadas. Piezas que seguir\u00e1n acompa\u00f1\u00e1ndonos all\u00ed donde vayamos, hagamos lo que hagamos. Como estos Maxi pendientes de [&hellip;]<\/p>\n","protected":false},"featured_media":25483,"template":"","meta":{"_acf_changed":false},"product_brand":[],"product_cat":[1169],"product_tag":[],"class_list":{"0":"post-25481","1":"product","2":"type-product","3":"status-publish","4":"has-post-thumbnail","6":"moods-happiest-on-earth-en","7":"tipos-earring","8":"year-taxo-1695","9":"size-product-maxi","10":"product_cat-papiroga-classics","12":"first","13":"outofstock","14":"taxable","15":"shipping-taxable","16":"purchasable","17":"product-type-simple","18":"add-to-wishlist-before_image"},"acf":[],"yoast_head":"<!-- This site is optimized with the Yoast SEO Premium plugin v27.4 (Yoast SEO v27.4) - https:\/\/yoast.com\/product\/yoast-seo-premium-wordpress\/ -->\n<title>BURGUNDY SELENDIA - papiroga<\/title>\n<meta name=\"robots\" content=\"index, follow, max-snippet:-1, max-image-preview:large, max-video-preview:-1\" \/>\n<link rel=\"canonical\" href=\"https:\/\/papiroga.com\/en\/papiroga-classics\/burgundy-selendia\/\" \/>\n<meta property=\"og:locale\" content=\"en_US\" \/>\n<meta property=\"og:type\" content=\"article\" \/>\n<meta property=\"og:title\" content=\"BURGUNDY SELENDIA\" \/>\n<meta property=\"og:description\" content=\"\u00a1Ya est\u00e1n aqu\u00ed los classics! Dise\u00f1os que por una raz\u00f3n o por otra sobrevivieron al paso del tiempo. Que se agarraron a nosotros desde el primer instante y ya no nos soltaron, ajenos a las modas y las temporadas. Piezas que seguir\u00e1n acompa\u00f1\u00e1ndonos all\u00ed donde vayamos, hagamos lo que hagamos. Como estos Maxi pendientes de [&hellip;]\" \/>\n<meta property=\"og:url\" content=\"https:\/\/papiroga.com\/en\/papiroga-classics\/burgundy-selendia\/\" \/>\n<meta property=\"og:site_name\" content=\"papiroga\" \/>\n<meta property=\"article:modified_time\" content=\"2024-11-06T18:37:28+00:00\" \/>\n<meta property=\"og:image\" content=\"https:\/\/papiroga.com\/wp-content\/uploads\/nc\/2022\/11\/papiroga_Classics_SELENDIA-BURDEOS_Producto.jpg\" \/>\n\t<meta property=\"og:image:width\" content=\"2557\" \/>\n\t<meta property=\"og:image:height\" content=\"2557\" \/>\n\t<meta property=\"og:image:type\" content=\"image\/jpeg\" \/>\n<meta name=\"twitter:card\" content=\"summary_large_image\" \/>\n<meta name=\"twitter:label1\" content=\"Price\" \/>\n\t<meta name=\"twitter:data1\" content=\"132,81&nbsp;&euro;\" \/>\n\t<meta name=\"twitter:label2\" content=\"Availability\" \/>\n\t<meta name=\"twitter:data2\" content=\"Out of stock\" \/>\n<script type=\"application\/ld+json\" class=\"yoast-schema-graph\">{\"@context\":\"https:\\\/\\\/schema.org\",\"@graph\":[{\"@type\":\"WebPage\",\"@id\":\"https:\\\/\\\/papiroga.com\\\/en\\\/papiroga-classics\\\/burgundy-selendia\\\/\",\"url\":\"https:\\\/\\\/papiroga.com\\\/en\\\/papiroga-classics\\\/burgundy-selendia\\\/\",\"name\":\"BURGUNDY SELENDIA - papiroga\",\"isPartOf\":{\"@id\":\"https:\\\/\\\/papiroga.com\\\/en\\\/#website\"},\"primaryImageOfPage\":{\"@id\":\"https:\\\/\\\/papiroga.com\\\/en\\\/papiroga-classics\\\/burgundy-selendia\\\/#primaryimage\"},\"image\":{\"@id\":\"https:\\\/\\\/papiroga.com\\\/en\\\/papiroga-classics\\\/burgundy-selendia\\\/#primaryimage\"},\"thumbnailUrl\":\"https:\\\/\\\/papiroga.com\\\/wp-content\\\/uploads\\\/nc\\\/2022\\\/11\\\/papiroga_Classics_SELENDIA-BURDEOS_Producto.jpg\",\"datePublished\":\"2024-08-29T10:09:07+00:00\",\"dateModified\":\"2024-11-06T18:37:28+00:00\",\"breadcrumb\":{\"@id\":\"https:\\\/\\\/papiroga.com\\\/en\\\/papiroga-classics\\\/burgundy-selendia\\\/#breadcrumb\"},\"inLanguage\":\"en-US\",\"potentialAction\":[{\"@type\":\"ReadAction\",\"target\":[\"https:\\\/\\\/papiroga.com\\\/en\\\/papiroga-classics\\\/burgundy-selendia\\\/\"]}]},{\"@type\":\"ImageObject\",\"inLanguage\":\"en-US\",\"@id\":\"https:\\\/\\\/papiroga.com\\\/en\\\/papiroga-classics\\\/burgundy-selendia\\\/#primaryimage\",\"url\":\"https:\\\/\\\/papiroga.com\\\/wp-content\\\/uploads\\\/nc\\\/2022\\\/11\\\/papiroga_Classics_SELENDIA-BURDEOS_Producto.jpg\",\"contentUrl\":\"https:\\\/\\\/papiroga.com\\\/wp-content\\\/uploads\\\/nc\\\/2022\\\/11\\\/papiroga_Classics_SELENDIA-BURDEOS_Producto.jpg\",\"width\":2557,\"height\":2557,\"caption\":\"SELENDIA BURDEOS\"},{\"@type\":\"BreadcrumbList\",\"@id\":\"https:\\\/\\\/papiroga.com\\\/en\\\/papiroga-classics\\\/burgundy-selendia\\\/#breadcrumb\",\"itemListElement\":[{\"@type\":\"ListItem\",\"position\":1,\"name\":\"Portada\",\"item\":\"https:\\\/\\\/papiroga.com\\\/en\\\/\"},{\"@type\":\"ListItem\",\"position\":2,\"name\":\"Shop\",\"item\":\"https:\\\/\\\/papiroga.com\\\/en\\\/\"},{\"@type\":\"ListItem\",\"position\":3,\"name\":\"BURGUNDY SELENDIA\"}]},{\"@type\":\"WebSite\",\"@id\":\"https:\\\/\\\/papiroga.com\\\/en\\\/#website\",\"url\":\"https:\\\/\\\/papiroga.com\\\/en\\\/\",\"name\":\"papiroga\",\"description\":\"How do you wanna feel today?\",\"publisher\":{\"@id\":\"https:\\\/\\\/papiroga.com\\\/en\\\/#organization\"},\"potentialAction\":[{\"@type\":\"SearchAction\",\"target\":{\"@type\":\"EntryPoint\",\"urlTemplate\":\"https:\\\/\\\/papiroga.com\\\/en\\\/?s={search_term_string}\"},\"query-input\":{\"@type\":\"PropertyValueSpecification\",\"valueRequired\":true,\"valueName\":\"search_term_string\"}}],\"inLanguage\":\"en-US\"},{\"@type\":\"Organization\",\"@id\":\"https:\\\/\\\/papiroga.com\\\/en\\\/#organization\",\"name\":\"papiroga\",\"url\":\"https:\\\/\\\/papiroga.com\\\/en\\\/\",\"logo\":{\"@type\":\"ImageObject\",\"inLanguage\":\"en-US\",\"@id\":\"https:\\\/\\\/papiroga.com\\\/en\\\/#\\\/schema\\\/logo\\\/image\\\/\",\"url\":\"https:\\\/\\\/papiroga.com\\\/wp-content\\\/uploads\\\/2024\\\/09\\\/Logotipo-papiroga.png\",\"contentUrl\":\"https:\\\/\\\/papiroga.com\\\/wp-content\\\/uploads\\\/2024\\\/09\\\/Logotipo-papiroga.png\",\"width\":2070,\"height\":401,\"caption\":\"papiroga\"},\"image\":{\"@id\":\"https:\\\/\\\/papiroga.com\\\/en\\\/#\\\/schema\\\/logo\\\/image\\\/\"},\"sameAs\":[\"https:\\\/\\\/www.instagram.com\\\/papiroga\\\/\"]}]}<\/script>\n<meta property=\"product:price:amount\" content=\"132.81\" \/>\n<meta property=\"product:price:currency\" content=\"EUR\" \/>\n<meta property=\"og:availability\" content=\"out of stock\" \/>\n<meta property=\"product:availability\" content=\"out of stock\" \/>\n<meta property=\"product:retailer_item_id\" content=\"Selendia_burdeos\" \/>\n<meta property=\"product:condition\" content=\"new\" \/>\n<!-- \/ Yoast SEO Premium plugin. -->","yoast_head_json":{"title":"BURGUNDY SELENDIA - papiroga","robots":{"index":"index","follow":"follow","max-snippet":"max-snippet:-1","max-image-preview":"max-image-preview:large","max-video-preview":"max-video-preview:-1"},"canonical":"https:\/\/papiroga.com\/en\/papiroga-classics\/burgundy-selendia\/","og_locale":"en_US","og_type":"article","og_title":"BURGUNDY SELENDIA","og_description":"\u00a1Ya est\u00e1n aqu\u00ed los classics! Dise\u00f1os que por una raz\u00f3n o por otra sobrevivieron al paso del tiempo. Que se agarraron a nosotros desde el primer instante y ya no nos soltaron, ajenos a las modas y las temporadas. Piezas que seguir\u00e1n acompa\u00f1\u00e1ndonos all\u00ed donde vayamos, hagamos lo que hagamos. Como estos Maxi pendientes de [&hellip;]","og_url":"https:\/\/papiroga.com\/en\/papiroga-classics\/burgundy-selendia\/","og_site_name":"papiroga","article_modified_time":"2024-11-06T18:37:28+00:00","og_image":[{"width":2557,"height":2557,"url":"https:\/\/papiroga.com\/wp-content\/uploads\/nc\/2022\/11\/papiroga_Classics_SELENDIA-BURDEOS_Producto.jpg","type":"image\/jpeg"}],"twitter_card":"summary_large_image","twitter_misc":{"Price":"132,81&nbsp;&euro;","Availability":"Out of stock"},"schema":{"@context":"https:\/\/schema.org","@graph":[{"@type":"WebPage","@id":"https:\/\/papiroga.com\/en\/papiroga-classics\/burgundy-selendia\/","url":"https:\/\/papiroga.com\/en\/papiroga-classics\/burgundy-selendia\/","name":"BURGUNDY SELENDIA - papiroga","isPartOf":{"@id":"https:\/\/papiroga.com\/en\/#website"},"primaryImageOfPage":{"@id":"https:\/\/papiroga.com\/en\/papiroga-classics\/burgundy-selendia\/#primaryimage"},"image":{"@id":"https:\/\/papiroga.com\/en\/papiroga-classics\/burgundy-selendia\/#primaryimage"},"thumbnailUrl":"https:\/\/papiroga.com\/wp-content\/uploads\/nc\/2022\/11\/papiroga_Classics_SELENDIA-BURDEOS_Producto.jpg","datePublished":"2024-08-29T10:09:07+00:00","dateModified":"2024-11-06T18:37:28+00:00","breadcrumb":{"@id":"https:\/\/papiroga.com\/en\/papiroga-classics\/burgundy-selendia\/#breadcrumb"},"inLanguage":"en-US","potentialAction":[{"@type":"ReadAction","target":["https:\/\/papiroga.com\/en\/papiroga-classics\/burgundy-selendia\/"]}]},{"@type":"ImageObject","inLanguage":"en-US","@id":"https:\/\/papiroga.com\/en\/papiroga-classics\/burgundy-selendia\/#primaryimage","url":"https:\/\/papiroga.com\/wp-content\/uploads\/nc\/2022\/11\/papiroga_Classics_SELENDIA-BURDEOS_Producto.jpg","contentUrl":"https:\/\/papiroga.com\/wp-content\/uploads\/nc\/2022\/11\/papiroga_Classics_SELENDIA-BURDEOS_Producto.jpg","width":2557,"height":2557,"caption":"SELENDIA BURDEOS"},{"@type":"BreadcrumbList","@id":"https:\/\/papiroga.com\/en\/papiroga-classics\/burgundy-selendia\/#breadcrumb","itemListElement":[{"@type":"ListItem","position":1,"name":"Portada","item":"https:\/\/papiroga.com\/en\/"},{"@type":"ListItem","position":2,"name":"Shop","item":"https:\/\/papiroga.com\/en\/"},{"@type":"ListItem","position":3,"name":"BURGUNDY SELENDIA"}]},{"@type":"WebSite","@id":"https:\/\/papiroga.com\/en\/#website","url":"https:\/\/papiroga.com\/en\/","name":"papiroga","description":"How do you wanna feel today?","publisher":{"@id":"https:\/\/papiroga.com\/en\/#organization"},"potentialAction":[{"@type":"SearchAction","target":{"@type":"EntryPoint","urlTemplate":"https:\/\/papiroga.com\/en\/?s={search_term_string}"},"query-input":{"@type":"PropertyValueSpecification","valueRequired":true,"valueName":"search_term_string"}}],"inLanguage":"en-US"},{"@type":"Organization","@id":"https:\/\/papiroga.com\/en\/#organization","name":"papiroga","url":"https:\/\/papiroga.com\/en\/","logo":{"@type":"ImageObject","inLanguage":"en-US","@id":"https:\/\/papiroga.com\/en\/#\/schema\/logo\/image\/","url":"https:\/\/papiroga.com\/wp-content\/uploads\/2024\/09\/Logotipo-papiroga.png","contentUrl":"https:\/\/papiroga.com\/wp-content\/uploads\/2024\/09\/Logotipo-papiroga.png","width":2070,"height":401,"caption":"papiroga"},"image":{"@id":"https:\/\/papiroga.com\/en\/#\/schema\/logo\/image\/"},"sameAs":["https:\/\/www.instagram.com\/papiroga\/"]}]},"product_price_amount":"132.81","product_price_currency":"EUR","og_availability":"out of stock","product_availability":"out of stock","product_retailer_item_id":"Selendia_burdeos","product_condition":"new"},"_links":{"self":[{"href":"https:\/\/papiroga.com\/en\/wp-json\/wp\/v2\/product\/25481","targetHints":{"allow":["GET"]}}],"collection":[{"href":"https:\/\/papiroga.com\/en\/wp-json\/wp\/v2\/product"}],"about":[{"href":"https:\/\/papiroga.com\/en\/wp-json\/wp\/v2\/types\/product"}],"wp:featuredmedia":[{"embeddable":true,"href":"https:\/\/papiroga.com\/en\/wp-json\/wp\/v2\/media\/25483"}],"wp:attachment":[{"href":"https:\/\/papiroga.com\/en\/wp-json\/wp\/v2\/media?parent=25481"}],"wp:term":[{"taxonomy":"product_brand","embeddable":true,"href":"https:\/\/papiroga.com\/en\/wp-json\/wp\/v2\/product_brand?post=25481"},{"taxonomy":"product_cat","embeddable":true,"href":"https:\/\/papiroga.com\/en\/wp-json\/wp\/v2\/product_cat?post=25481"},{"taxonomy":"product_tag","embeddable":true,"href":"https:\/\/papiroga.com\/en\/wp-json\/wp\/v2\/product_tag?post=25481"}],"curies":[{"name":"wp","href":"https:\/\/api.w.org\/{rel}","templated":true}]}}