{"id":84729,"date":"2026-04-21T09:32:46","date_gmt":"2026-04-21T07:32:46","guid":{"rendered":"https:\/\/papiroga.com\/?post_type=product&#038;p=84729"},"modified":"2026-04-23T01:14:55","modified_gmt":"2026-04-22T23:14:55","slug":"piezas-primavera-pastel","status":"publish","type":"product","link":"https:\/\/papiroga.com\/en\/sin categor\u00eda\/piezas-primavera-pastel\/","title":{"rendered":"PIEZAS PRIMAVERA PASTEL"},"content":{"rendered":"<p class=\"p1\">Un dise\u00f1o pensado para jugar, combinar y contar tu propia historia.<\/p>\n<p class=\"p1\">Estos accesorios cuelgan de un arito y se transforman contigo: una flor y un coraz\u00f3n que puedes mezclar como quieras, creando combinaciones \u00fanicas en cada momento. Delicadeza y emoci\u00f3n en piezas ligeras, vers\u00e1tiles y llenas de significado.<\/p>\n<p class=\"p1\">La flor representa lo que crece, lo que cuidas. El coraz\u00f3n, todo lo que sientes. Juntos, hablan de v\u00ednculos, de energ\u00eda y de identidad.<\/p>\n<p class=\"p1\">Porque no hay una sola forma de llevarlos.<br \/>\nNi una sola forma de sentirlos.<\/p>\n","protected":false},"excerpt":{"rendered":"<p>Un dise\u00f1o pensado para jugar, combinar y contar tu propia historia. Estos accesorios cuelgan de un arito y se transforman contigo: una flor y un coraz\u00f3n que puedes mezclar como quieras, creando combinaciones \u00fanicas en cada momento. Delicadeza y emoci\u00f3n en piezas ligeras, vers\u00e1tiles y llenas de significado. La flor representa lo que crece, lo [&hellip;]<\/p>\n","protected":false},"featured_media":84560,"template":"","meta":{"_acf_changed":false},"product_brand":[],"product_cat":[],"product_tag":[],"class_list":{"0":"post-84729","1":"product","2":"type-product","3":"status-publish","4":"has-post-thumbnail","6":"tipos-pieza-suelta","7":"year-taxo-2125","9":"first","10":"instock","11":"taxable","12":"shipping-taxable","13":"purchasable","14":"product-type-simple","15":"add-to-wishlist-before_image"},"acf":[],"yoast_head":"<!-- This site is optimized with the Yoast SEO Premium plugin v27.4 (Yoast SEO v27.4) - https:\/\/yoast.com\/product\/yoast-seo-premium-wordpress\/ -->\n<title>PIEZAS PRIMAVERA PASTEL - papiroga<\/title>\n<meta name=\"description\" content=\"Un dise\u00f1o pensado para jugar, combinar y contar tu propia historia. Estos accesorios cuelgan de un arito y se transforman contigo.\" \/>\n<meta name=\"robots\" content=\"index, follow, max-snippet:-1, max-image-preview:large, max-video-preview:-1\" \/>\n<link rel=\"canonical\" href=\"https:\/\/papiroga.com\/en\/sin%20categor\u00eda\/piezas-primavera-pastel\/\" \/>\n<meta property=\"og:locale\" content=\"en_US\" \/>\n<meta property=\"og:type\" content=\"article\" \/>\n<meta property=\"og:title\" content=\"PIEZAS PRIMAVERA PASTEL\" \/>\n<meta property=\"og:description\" content=\"Un dise\u00f1o pensado para jugar, combinar y contar tu propia historia. Estos accesorios cuelgan de un arito y se transforman contigo.\" \/>\n<meta property=\"og:url\" content=\"https:\/\/papiroga.com\/en\/sin categor\u00eda\/piezas-primavera-pastel\/\" \/>\n<meta property=\"og:site_name\" content=\"papiroga\" \/>\n<meta property=\"article:modified_time\" content=\"2026-04-22T23:14:55+00:00\" \/>\n<meta property=\"og:image\" content=\"https:\/\/papiroga.com\/wp-content\/uploads\/2026\/04\/papiroga_Primavera-collection_PIEZAS-PRIMAVERA-PASTEL_Producto.jpg\" \/>\n\t<meta property=\"og:image:width\" content=\"1980\" \/>\n\t<meta property=\"og:image:height\" content=\"1980\" \/>\n\t<meta property=\"og:image:type\" content=\"image\/jpeg\" \/>\n<meta name=\"twitter:card\" content=\"summary_large_image\" \/>\n<meta name=\"twitter:label1\" content=\"Price\" \/>\n\t<meta name=\"twitter:data1\" content=\"46,88&nbsp;&euro;\" \/>\n\t<meta name=\"twitter:label2\" content=\"Availability\" \/>\n\t<meta name=\"twitter:data2\" content=\"In stock\" \/>\n<script type=\"application\/ld+json\" class=\"yoast-schema-graph\">{\"@context\":\"https:\\\/\\\/schema.org\",\"@graph\":[{\"@type\":\"WebPage\",\"@id\":\"https:\\\/\\\/papiroga.com\\\/en\\\/sin categor\u00eda\\\/piezas-primavera-pastel\\\/\",\"url\":\"https:\\\/\\\/papiroga.com\\\/en\\\/sin categor\u00eda\\\/piezas-primavera-pastel\\\/\",\"name\":\"PIEZAS PRIMAVERA PASTEL - papiroga\",\"isPartOf\":{\"@id\":\"https:\\\/\\\/papiroga.com\\\/en\\\/#website\"},\"primaryImageOfPage\":{\"@id\":\"https:\\\/\\\/papiroga.com\\\/en\\\/sin categor\u00eda\\\/piezas-primavera-pastel\\\/#primaryimage\"},\"image\":{\"@id\":\"https:\\\/\\\/papiroga.com\\\/en\\\/sin categor\u00eda\\\/piezas-primavera-pastel\\\/#primaryimage\"},\"thumbnailUrl\":\"https:\\\/\\\/papiroga.com\\\/wp-content\\\/uploads\\\/2026\\\/04\\\/papiroga_Primavera-collection_PIEZAS-PRIMAVERA-PASTEL_Producto.jpg\",\"datePublished\":\"2026-04-21T07:32:46+00:00\",\"dateModified\":\"2026-04-22T23:14:55+00:00\",\"description\":\"Un dise\u00f1o pensado para jugar, combinar y contar tu propia historia. Estos accesorios cuelgan de un arito y se transforman contigo.\",\"breadcrumb\":{\"@id\":\"https:\\\/\\\/papiroga.com\\\/en\\\/sin categor\u00eda\\\/piezas-primavera-pastel\\\/#breadcrumb\"},\"inLanguage\":\"en-US\",\"potentialAction\":[{\"@type\":\"ReadAction\",\"target\":[\"https:\\\/\\\/papiroga.com\\\/en\\\/sin categor\u00eda\\\/piezas-primavera-pastel\\\/\"]}]},{\"@type\":\"ImageObject\",\"inLanguage\":\"en-US\",\"@id\":\"https:\\\/\\\/papiroga.com\\\/en\\\/sin categor\u00eda\\\/piezas-primavera-pastel\\\/#primaryimage\",\"url\":\"https:\\\/\\\/papiroga.com\\\/wp-content\\\/uploads\\\/2026\\\/04\\\/papiroga_Primavera-collection_PIEZAS-PRIMAVERA-PASTEL_Producto.jpg\",\"contentUrl\":\"https:\\\/\\\/papiroga.com\\\/wp-content\\\/uploads\\\/2026\\\/04\\\/papiroga_Primavera-collection_PIEZAS-PRIMAVERA-PASTEL_Producto.jpg\",\"width\":1980,\"height\":1980},{\"@type\":\"BreadcrumbList\",\"@id\":\"https:\\\/\\\/papiroga.com\\\/en\\\/sin categor\u00eda\\\/piezas-primavera-pastel\\\/#breadcrumb\",\"itemListElement\":[{\"@type\":\"ListItem\",\"position\":1,\"name\":\"Portada\",\"item\":\"https:\\\/\\\/papiroga.com\\\/en\\\/\"},{\"@type\":\"ListItem\",\"position\":2,\"name\":\"Shop\",\"item\":\"https:\\\/\\\/papiroga.com\\\/en\\\/\"},{\"@type\":\"ListItem\",\"position\":3,\"name\":\"PIEZAS PRIMAVERA PASTEL\"}]},{\"@type\":\"WebSite\",\"@id\":\"https:\\\/\\\/papiroga.com\\\/en\\\/#website\",\"url\":\"https:\\\/\\\/papiroga.com\\\/en\\\/\",\"name\":\"papiroga\",\"description\":\"How do you wanna feel today?\",\"publisher\":{\"@id\":\"https:\\\/\\\/papiroga.com\\\/en\\\/#organization\"},\"potentialAction\":[{\"@type\":\"SearchAction\",\"target\":{\"@type\":\"EntryPoint\",\"urlTemplate\":\"https:\\\/\\\/papiroga.com\\\/en\\\/?s={search_term_string}\"},\"query-input\":{\"@type\":\"PropertyValueSpecification\",\"valueRequired\":true,\"valueName\":\"search_term_string\"}}],\"inLanguage\":\"en-US\"},{\"@type\":\"Organization\",\"@id\":\"https:\\\/\\\/papiroga.com\\\/en\\\/#organization\",\"name\":\"papiroga\",\"url\":\"https:\\\/\\\/papiroga.com\\\/en\\\/\",\"logo\":{\"@type\":\"ImageObject\",\"inLanguage\":\"en-US\",\"@id\":\"https:\\\/\\\/papiroga.com\\\/en\\\/#\\\/schema\\\/logo\\\/image\\\/\",\"url\":\"https:\\\/\\\/papiroga.com\\\/wp-content\\\/uploads\\\/2024\\\/09\\\/Logotipo-papiroga.png\",\"contentUrl\":\"https:\\\/\\\/papiroga.com\\\/wp-content\\\/uploads\\\/2024\\\/09\\\/Logotipo-papiroga.png\",\"width\":2070,\"height\":401,\"caption\":\"papiroga\"},\"image\":{\"@id\":\"https:\\\/\\\/papiroga.com\\\/en\\\/#\\\/schema\\\/logo\\\/image\\\/\"},\"sameAs\":[\"https:\\\/\\\/www.instagram.com\\\/papiroga\\\/\"]}]}<\/script>\n<meta property=\"product:price:amount\" content=\"46.88\" \/>\n<meta property=\"product:price:currency\" content=\"EUR\" \/>\n<meta property=\"og:availability\" content=\"instock\" \/>\n<meta property=\"product:availability\" content=\"instock\" \/>\n<meta property=\"product:retailer_item_id\" content=\"Piezas_primavera_pastel\" \/>\n<meta property=\"product:condition\" content=\"new\" \/>\n<!-- \/ Yoast SEO Premium plugin. -->","yoast_head_json":{"title":"PIEZAS PRIMAVERA PASTEL - papiroga","description":"Un dise\u00f1o pensado para jugar, combinar y contar tu propia historia. Estos accesorios cuelgan de un arito y se transforman contigo.","robots":{"index":"index","follow":"follow","max-snippet":"max-snippet:-1","max-image-preview":"max-image-preview:large","max-video-preview":"max-video-preview:-1"},"canonical":"https:\/\/papiroga.com\/en\/sin categor\u00eda\/piezas-primavera-pastel\/","og_locale":"en_US","og_type":"article","og_title":"PIEZAS PRIMAVERA PASTEL","og_description":"Un dise\u00f1o pensado para jugar, combinar y contar tu propia historia. Estos accesorios cuelgan de un arito y se transforman contigo.","og_url":"https:\/\/papiroga.com\/en\/sin categor\u00eda\/piezas-primavera-pastel\/","og_site_name":"papiroga","article_modified_time":"2026-04-22T23:14:55+00:00","og_image":[{"width":1980,"height":1980,"url":"https:\/\/papiroga.com\/wp-content\/uploads\/2026\/04\/papiroga_Primavera-collection_PIEZAS-PRIMAVERA-PASTEL_Producto.jpg","type":"image\/jpeg"}],"twitter_card":"summary_large_image","twitter_misc":{"Price":"46,88&nbsp;&euro;","Availability":"In stock"},"schema":{"@context":"https:\/\/schema.org","@graph":[{"@type":"WebPage","@id":"https:\/\/papiroga.com\/en\/sin categor\u00eda\/piezas-primavera-pastel\/","url":"https:\/\/papiroga.com\/en\/sin categor\u00eda\/piezas-primavera-pastel\/","name":"PIEZAS PRIMAVERA PASTEL - papiroga","isPartOf":{"@id":"https:\/\/papiroga.com\/en\/#website"},"primaryImageOfPage":{"@id":"https:\/\/papiroga.com\/en\/sin categor\u00eda\/piezas-primavera-pastel\/#primaryimage"},"image":{"@id":"https:\/\/papiroga.com\/en\/sin categor\u00eda\/piezas-primavera-pastel\/#primaryimage"},"thumbnailUrl":"https:\/\/papiroga.com\/wp-content\/uploads\/2026\/04\/papiroga_Primavera-collection_PIEZAS-PRIMAVERA-PASTEL_Producto.jpg","datePublished":"2026-04-21T07:32:46+00:00","dateModified":"2026-04-22T23:14:55+00:00","description":"Un dise\u00f1o pensado para jugar, combinar y contar tu propia historia. Estos accesorios cuelgan de un arito y se transforman contigo.","breadcrumb":{"@id":"https:\/\/papiroga.com\/en\/sin categor\u00eda\/piezas-primavera-pastel\/#breadcrumb"},"inLanguage":"en-US","potentialAction":[{"@type":"ReadAction","target":["https:\/\/papiroga.com\/en\/sin categor\u00eda\/piezas-primavera-pastel\/"]}]},{"@type":"ImageObject","inLanguage":"en-US","@id":"https:\/\/papiroga.com\/en\/sin categor\u00eda\/piezas-primavera-pastel\/#primaryimage","url":"https:\/\/papiroga.com\/wp-content\/uploads\/2026\/04\/papiroga_Primavera-collection_PIEZAS-PRIMAVERA-PASTEL_Producto.jpg","contentUrl":"https:\/\/papiroga.com\/wp-content\/uploads\/2026\/04\/papiroga_Primavera-collection_PIEZAS-PRIMAVERA-PASTEL_Producto.jpg","width":1980,"height":1980},{"@type":"BreadcrumbList","@id":"https:\/\/papiroga.com\/en\/sin categor\u00eda\/piezas-primavera-pastel\/#breadcrumb","itemListElement":[{"@type":"ListItem","position":1,"name":"Portada","item":"https:\/\/papiroga.com\/en\/"},{"@type":"ListItem","position":2,"name":"Shop","item":"https:\/\/papiroga.com\/en\/"},{"@type":"ListItem","position":3,"name":"PIEZAS PRIMAVERA PASTEL"}]},{"@type":"WebSite","@id":"https:\/\/papiroga.com\/en\/#website","url":"https:\/\/papiroga.com\/en\/","name":"papiroga","description":"How do you wanna feel today?","publisher":{"@id":"https:\/\/papiroga.com\/en\/#organization"},"potentialAction":[{"@type":"SearchAction","target":{"@type":"EntryPoint","urlTemplate":"https:\/\/papiroga.com\/en\/?s={search_term_string}"},"query-input":{"@type":"PropertyValueSpecification","valueRequired":true,"valueName":"search_term_string"}}],"inLanguage":"en-US"},{"@type":"Organization","@id":"https:\/\/papiroga.com\/en\/#organization","name":"papiroga","url":"https:\/\/papiroga.com\/en\/","logo":{"@type":"ImageObject","inLanguage":"en-US","@id":"https:\/\/papiroga.com\/en\/#\/schema\/logo\/image\/","url":"https:\/\/papiroga.com\/wp-content\/uploads\/2024\/09\/Logotipo-papiroga.png","contentUrl":"https:\/\/papiroga.com\/wp-content\/uploads\/2024\/09\/Logotipo-papiroga.png","width":2070,"height":401,"caption":"papiroga"},"image":{"@id":"https:\/\/papiroga.com\/en\/#\/schema\/logo\/image\/"},"sameAs":["https:\/\/www.instagram.com\/papiroga\/"]}]},"product_price_amount":"46.88","product_price_currency":"EUR","og_availability":"instock","product_availability":"instock","product_retailer_item_id":"Piezas_primavera_pastel","product_condition":"new"},"_links":{"self":[{"href":"https:\/\/papiroga.com\/en\/wp-json\/wp\/v2\/product\/84729","targetHints":{"allow":["GET"]}}],"collection":[{"href":"https:\/\/papiroga.com\/en\/wp-json\/wp\/v2\/product"}],"about":[{"href":"https:\/\/papiroga.com\/en\/wp-json\/wp\/v2\/types\/product"}],"wp:featuredmedia":[{"embeddable":true,"href":"https:\/\/papiroga.com\/en\/wp-json\/wp\/v2\/media\/84560"}],"wp:attachment":[{"href":"https:\/\/papiroga.com\/en\/wp-json\/wp\/v2\/media?parent=84729"}],"wp:term":[{"taxonomy":"product_brand","embeddable":true,"href":"https:\/\/papiroga.com\/en\/wp-json\/wp\/v2\/product_brand?post=84729"},{"taxonomy":"product_cat","embeddable":true,"href":"https:\/\/papiroga.com\/en\/wp-json\/wp\/v2\/product_cat?post=84729"},{"taxonomy":"product_tag","embeddable":true,"href":"https:\/\/papiroga.com\/en\/wp-json\/wp\/v2\/product_tag?post=84729"}],"curies":[{"name":"wp","href":"https:\/\/api.w.org\/{rel}","templated":true}]}}